{"id":41069,"date":"2026-04-23T10:00:51","date_gmt":"2026-04-23T10:00:51","guid":{"rendered":"https:\/\/www.jmc.org.il\/trio_bohemo\/"},"modified":"2026-04-23T10:01:14","modified_gmt":"2026-04-23T10:01:14","slug":"trio_bohemo","status":"publish","type":"page","link":"https:\/\/www.jmc.org.il\/en\/trio_bohemo\/","title":{"rendered":"Trio_Bohemo"},"content":{"rendered":"\t\t<div data-elementor-type=\"wp-page\" data-elementor-id=\"41069\" class=\"elementor elementor-41069 elementor-41050\">\n\t\t\t\t\t\t<section class=\"elementor-section elementor-top-section elementor-element elementor-element-4f294ac elementor-section-boxed elementor-section-height-default elementor-section-height-default\" data-id=\"4f294ac\" data-element_type=\"section\" data-e-type=\"section\">\n\t\t\t\t\t\t<div class=\"elementor-container elementor-column-gap-default\">\n\t\t\t\t\t<div class=\"elementor-column elementor-col-50 elementor-top-column elementor-element elementor-element-130d21f\" data-id=\"130d21f\" data-element_type=\"column\" data-e-type=\"column\">\n\t\t\t<div class=\"elementor-widget-wrap elementor-element-populated\">\n\t\t\t\t\t\t<div class=\"elementor-element elementor-element-e85f3db elementor-widget elementor-widget-heading\" data-id=\"e85f3db\" data-element_type=\"widget\" data-e-type=\"widget\" data-widget_type=\"heading.default\">\n\t\t\t\t<div class=\"elementor-widget-container\">\n\t\t\t\t\t<h5 class=\"elementor-heading-title elementor-size-default\"><a href=\"https:\/\/www.jmc.org.il\/en\/international-series\/\">The Elaine and Sir James Wolfensohn International series<\/a><\/h5>\t\t\t\t<\/div>\n\t\t\t\t<\/div>\n\t\t\t\t<div class=\"elementor-element elementor-element-fb2eb03 elementor-widget elementor-widget-heading\" data-id=\"fb2eb03\" data-element_type=\"widget\" data-e-type=\"widget\" data-widget_type=\"heading.default\">\n\t\t\t\t<div class=\"elementor-widget-container\">\n\t\t\t\t\t<h1 class=\"elementor-heading-title elementor-size-default\">Trio Boh\u00e9mo\n\n<\/h1>\t\t\t\t<\/div>\n\t\t\t\t<\/div>\n\t\t\t\t<div class=\"elementor-element elementor-element-9ee6d51 elementor-widget elementor-widget-heading\" data-id=\"9ee6d51\" data-element_type=\"widget\" data-e-type=\"widget\" data-widget_type=\"heading.default\">\n\t\t\t\t<div class=\"elementor-widget-container\">\n\t\t\t\t\t<h5 class=\"elementor-heading-title elementor-size-default\">Thursday | 7.5.2026 | 20:00 | YMCA Jerusalem \n<\/h5>\t\t\t\t<\/div>\n\t\t\t\t<\/div>\n\t\t\t\t<div class=\"elementor-element elementor-element-0c4ea8a elementor-widget-divider--view-line_icon elementor-view-default elementor-widget-divider--element-align-center elementor-widget elementor-widget-divider\" data-id=\"0c4ea8a\" data-element_type=\"widget\" data-e-type=\"widget\" data-widget_type=\"divider.default\">\n\t\t\t\t<div class=\"elementor-widget-container\">\n\t\t\t\t\t\t\t<div class=\"elementor-divider\">\n\t\t\t<span class=\"elementor-divider-separator\">\n\t\t\t\t\t\t\t<div class=\"elementor-icon elementor-divider__element\">\n\t\t\t\t\t<i aria-hidden=\"true\" class=\"fas fa-stop-circle\"><\/i><\/div>\n\t\t\t\t\t\t<\/span>\n\t\t<\/div>\n\t\t\t\t\t\t<\/div>\n\t\t\t\t<\/div>\n\t\t\t\t<div class=\"elementor-element elementor-element-0149d0a elementor-widget elementor-widget-text-editor\" data-id=\"0149d0a\" data-element_type=\"widget\" data-e-type=\"widget\" data-widget_type=\"text-editor.default\">\n\t\t\t\t<div class=\"elementor-widget-container\">\n\t\t\t\t\t\t\t\t\t<p><span style=\"font-weight: 400;\">Matou\u0161 P\u011bru\u0161ka &#8211; violin<\/span><\/p><p><span style=\"font-weight: 400;\">Kristina Vocetkov\u00e1 &#8211; cello<\/span><\/p><p><span style=\"font-weight: 400;\">Jan Vojtek &#8211; piano<\/span><\/p>\t\t\t\t\t\t\t\t<\/div>\n\t\t\t\t<\/div>\n\t\t\t\t<div class=\"elementor-element elementor-element-dd90802 elementor-widget-divider--view-line_icon elementor-view-default elementor-widget-divider--element-align-center elementor-widget elementor-widget-divider\" data-id=\"dd90802\" data-element_type=\"widget\" data-e-type=\"widget\" data-widget_type=\"divider.default\">\n\t\t\t\t<div class=\"elementor-widget-container\">\n\t\t\t\t\t\t\t<div class=\"elementor-divider\">\n\t\t\t<span class=\"elementor-divider-separator\">\n\t\t\t\t\t\t\t<div class=\"elementor-icon elementor-divider__element\">\n\t\t\t\t\t<i aria-hidden=\"true\" class=\"fas fa-stop-circle\"><\/i><\/div>\n\t\t\t\t\t\t<\/span>\n\t\t<\/div>\n\t\t\t\t\t\t<\/div>\n\t\t\t\t<\/div>\n\t\t\t\t<div class=\"elementor-element elementor-element-593e86f elementor-widget elementor-widget-text-editor\" data-id=\"593e86f\" data-element_type=\"widget\" data-e-type=\"widget\" data-widget_type=\"text-editor.default\">\n\t\t\t\t<div class=\"elementor-widget-container\">\n\t\t\t\t\t\t\t\t\t<p><span style=\"font-weight: 400;\">Josef Suk: Elegie in D-flat Major, Op. 23<\/span><\/p><p><span style=\"font-weight: 400;\">Smetana: Piano Trio in G minor, Op. 15<\/span><\/p><p><span style=\"font-weight: 400;\">Mendelssohn: Piano Trio No. 1 in D minor, Op. 49<\/span><\/p>\t\t\t\t\t\t\t\t<\/div>\n\t\t\t\t<\/div>\n\t\t\t\t<div class=\"elementor-element elementor-element-62507c1 elementor-align-justify elementor-widget elementor-widget-button\" data-id=\"62507c1\" data-element_type=\"widget\" data-e-type=\"widget\" download=\"https:\/\/www.jmc.org.il\/wp-content\/uploads\/2022\/08\/International-series-subscription-form.pdf\" data-widget_type=\"button.default\">\n\t\t\t\t<div class=\"elementor-widget-container\">\n\t\t\t\t\t\t\t\t\t<div class=\"elementor-button-wrapper\">\n\t\t\t\t\t<a class=\"elementor-button elementor-button-link elementor-size-sm\" href=\"https:\/\/jmc.pres.ws\/order\/627\">\n\t\t\t\t\t\t<span class=\"elementor-button-content-wrapper\">\n\t\t\t\t\t\t\t\t\t<span class=\"elementor-button-text\">Purchase tickets<\/span>\n\t\t\t\t\t<\/span>\n\t\t\t\t\t<\/a>\n\t\t\t\t<\/div>\n\t\t\t\t\t\t\t\t<\/div>\n\t\t\t\t<\/div>\n\t\t\t\t<section class=\"elementor-section elementor-inner-section elementor-element elementor-element-4e10f98 elementor-section-boxed elementor-section-height-default elementor-section-height-default\" data-id=\"4e10f98\" data-element_type=\"section\" data-e-type=\"section\">\n\t\t\t\t\t\t<div class=\"elementor-container elementor-column-gap-default\">\n\t\t\t\t\t<div class=\"elementor-column elementor-col-100 elementor-inner-column elementor-element elementor-element-b5d0b3e\" data-id=\"b5d0b3e\" data-element_type=\"column\" data-e-type=\"column\">\n\t\t\t<div class=\"elementor-widget-wrap elementor-element-populated\">\n\t\t\t\t\t\t<div class=\"elementor-element elementor-element-c8d0085 elementor-widget__width-auto elementor-share-buttons--view-icon-text elementor-share-buttons--skin-gradient elementor-share-buttons--shape-square elementor-grid-0 elementor-share-buttons--color-official elementor-widget elementor-widget-share-buttons\" data-id=\"c8d0085\" data-element_type=\"widget\" data-e-type=\"widget\" data-widget_type=\"share-buttons.default\">\n\t\t\t\t<div class=\"elementor-widget-container\">\n\t\t\t\t\t\t\t<div class=\"elementor-grid\">\n\t\t\t\t\t\t\t\t<div class=\"elementor-grid-item\">\n\t\t\t\t\t\t<div class=\"elementor-share-btn elementor-share-btn_facebook\">\n\t\t\t\t\t\t\t\t\t\t\t\t\t\t\t<span class=\"elementor-share-btn__icon\">\n\t\t\t\t\t\t\t\t<i class=\"fab fa-facebook\" aria-hidden=\"true\"><\/i>\t\t\t\t\t\t\t\t<span\n\t\t\t\t\t\t\t\t\tclass=\"elementor-screen-only\">Share on facebook<\/span>\n\t\t\t\t\t\t\t<\/span>\n\t\t\t\t\t\t\t\t\t\t\t\t\t\t\t\t\t\t\t\t<\/div>\n\t\t\t\t\t<\/div>\n\t\t\t\t\t\t\t\t\t<div class=\"elementor-grid-item\">\n\t\t\t\t\t\t<div class=\"elementor-share-btn elementor-share-btn_twitter\">\n\t\t\t\t\t\t\t\t\t\t\t\t\t\t\t<span class=\"elementor-share-btn__icon\">\n\t\t\t\t\t\t\t\t<i class=\"fab fa-twitter\" aria-hidden=\"true\"><\/i>\t\t\t\t\t\t\t\t<span\n\t\t\t\t\t\t\t\t\tclass=\"elementor-screen-only\">Share on twitter<\/span>\n\t\t\t\t\t\t\t<\/span>\n\t\t\t\t\t\t\t\t\t\t\t\t\t\t\t\t\t\t\t\t<\/div>\n\t\t\t\t\t<\/div>\n\t\t\t\t\t\t\t\t\t<div class=\"elementor-grid-item\">\n\t\t\t\t\t\t<div class=\"elementor-share-btn elementor-share-btn_whatsapp\">\n\t\t\t\t\t\t\t\t\t\t\t\t\t\t\t<span class=\"elementor-share-btn__icon\">\n\t\t\t\t\t\t\t\t<i class=\"fab fa-whatsapp\" aria-hidden=\"true\"><\/i>\t\t\t\t\t\t\t\t<span\n\t\t\t\t\t\t\t\t\tclass=\"elementor-screen-only\">Share on whatsapp<\/span>\n\t\t\t\t\t\t\t<\/span>\n\t\t\t\t\t\t\t\t\t\t\t\t\t\t\t\t\t\t\t\t<\/div>\n\t\t\t\t\t<\/div>\n\t\t\t\t\t\t\t\t\t<div class=\"elementor-grid-item\">\n\t\t\t\t\t\t<div class=\"elementor-share-btn elementor-share-btn_email\">\n\t\t\t\t\t\t\t\t\t\t\t\t\t\t\t<span class=\"elementor-share-btn__icon\">\n\t\t\t\t\t\t\t\t<i class=\"fas fa-envelope\" aria-hidden=\"true\"><\/i>\t\t\t\t\t\t\t\t<span\n\t\t\t\t\t\t\t\t\tclass=\"elementor-screen-only\">Share on email<\/span>\n\t\t\t\t\t\t\t<\/span>\n\t\t\t\t\t\t\t\t\t\t\t\t\t\t\t\t\t\t\t\t<\/div>\n\t\t\t\t\t<\/div>\n\t\t\t\t\t\t<\/div>\n\t\t\t\t\t\t<\/div>\n\t\t\t\t<\/div>\n\t\t\t\t\t<\/div>\n\t\t<\/div>\n\t\t\t\t\t<\/div>\n\t\t<\/section>\n\t\t\t\t<section class=\"elementor-section elementor-inner-section elementor-element elementor-element-861de31 elementor-section-boxed elementor-section-height-default elementor-section-height-default\" data-id=\"861de31\" data-element_type=\"section\" data-e-type=\"section\">\n\t\t\t\t\t\t<div class=\"elementor-container elementor-column-gap-default\">\n\t\t\t\t\t<div class=\"elementor-column elementor-col-100 elementor-inner-column elementor-element elementor-element-f90f6ba\" data-id=\"f90f6ba\" data-element_type=\"column\" data-e-type=\"column\">\n\t\t\t<div class=\"elementor-widget-wrap\">\n\t\t\t\t\t\t\t<\/div>\n\t\t<\/div>\n\t\t\t\t\t<\/div>\n\t\t<\/section>\n\t\t\t\t\t<\/div>\n\t\t<\/div>\n\t\t\t\t<div class=\"elementor-column elementor-col-50 elementor-top-column elementor-element elementor-element-c6940fa\" data-id=\"c6940fa\" data-element_type=\"column\" data-e-type=\"column\">\n\t\t\t<div class=\"elementor-widget-wrap elementor-element-populated\">\n\t\t\t\t\t\t<div class=\"elementor-element elementor-element-d1e9180 elementor-widget elementor-widget-image\" data-id=\"d1e9180\" data-element_type=\"widget\" data-e-type=\"widget\" data-widget_type=\"image.default\">\n\t\t\t\t<div class=\"elementor-widget-container\">\n\t\t\t\t\t\t\t\t\t\t\t\t\t\t\t<img fetchpriority=\"high\" decoding=\"async\" width=\"800\" height=\"533\" src=\"https:\/\/www.jmc.org.il\/wp-content\/uploads\/2026\/04\/c-Andrej-Grilc-07946a-2.jpg\" class=\"attachment-full size-full wp-image-41053\" alt=\"\" srcset=\"https:\/\/www.jmc.org.il\/wp-content\/uploads\/2026\/04\/c-Andrej-Grilc-07946a-2.jpg 800w, https:\/\/www.jmc.org.il\/wp-content\/uploads\/2026\/04\/c-Andrej-Grilc-07946a-2-300x200.jpg 300w, https:\/\/www.jmc.org.il\/wp-content\/uploads\/2026\/04\/c-Andrej-Grilc-07946a-2-768x512.jpg 768w\" sizes=\"(max-width: 800px) 100vw, 800px\" \/>\t\t\t\t\t\t\t\t\t\t\t\t\t\t\t<\/div>\n\t\t\t\t<\/div>\n\t\t\t\t<div class=\"elementor-element elementor-element-e362966 elementor-widget elementor-widget-heading\" data-id=\"e362966\" data-element_type=\"widget\" data-e-type=\"widget\" data-widget_type=\"heading.default\">\n\t\t\t\t<div class=\"elementor-widget-container\">\n\t\t\t\t\t<h6 class=\"elementor-heading-title elementor-size-default\">Photo: Andrej Grilc<\/h6>\t\t\t\t<\/div>\n\t\t\t\t<\/div>\n\t\t\t\t<div class=\"elementor-element elementor-element-710e98c elementor-align-justify elementor-mobile-align-justify elementor-widget elementor-widget-button\" data-id=\"710e98c\" data-element_type=\"widget\" data-e-type=\"widget\" data-widget_type=\"button.default\">\n\t\t\t\t<div class=\"elementor-widget-container\">\n\t\t\t\t\t\t\t\t\t<div class=\"elementor-button-wrapper\">\n\t\t\t\t\t<a class=\"elementor-button elementor-button-link elementor-size-sm\" href=\"https:\/\/www.triobohemo.com\/\">\n\t\t\t\t\t\t<span class=\"elementor-button-content-wrapper\">\n\t\t\t\t\t\t\t\t\t<span class=\"elementor-button-text\">To the Trio's website<\/span>\n\t\t\t\t\t<\/span>\n\t\t\t\t\t<\/a>\n\t\t\t\t<\/div>\n\t\t\t\t\t\t\t\t<\/div>\n\t\t\t\t<\/div>\n\t\t\t\t<section class=\"elementor-section elementor-inner-section elementor-element elementor-element-3d902ab hidden elementor-section-boxed elementor-section-height-default elementor-section-height-default\" data-id=\"3d902ab\" data-element_type=\"section\" data-e-type=\"section\">\n\t\t\t\t\t\t<div class=\"elementor-container elementor-column-gap-default\">\n\t\t\t\t\t<div class=\"elementor-column elementor-col-100 elementor-inner-column elementor-element elementor-element-52c746e\" data-id=\"52c746e\" data-element_type=\"column\" data-e-type=\"column\">\n\t\t\t<div class=\"elementor-widget-wrap elementor-element-populated\">\n\t\t\t\t\t\t<div class=\"elementor-element elementor-element-1caf31f elementor-widget elementor-widget-heading\" data-id=\"1caf31f\" data-element_type=\"widget\" data-e-type=\"widget\" data-widget_type=\"heading.default\">\n\t\t\t\t<div class=\"elementor-widget-container\">\n\t\t\t\t\t<h2 class=\"elementor-heading-title elementor-size-default\">Subscriptions sale is on going<\/h2>\t\t\t\t<\/div>\n\t\t\t\t<\/div>\n\t\t\t\t<div class=\"elementor-element elementor-element-719424d elementor-align-center elementor-widget elementor-widget-button\" data-id=\"719424d\" data-element_type=\"widget\" data-e-type=\"widget\" download=\"https:\/\/www.jmc.org.il\/wp-content\/uploads\/2022\/08\/International-series-subscription-form.pdf\" data-widget_type=\"button.default\">\n\t\t\t\t<div class=\"elementor-widget-container\">\n\t\t\t\t\t\t\t\t\t<div class=\"elementor-button-wrapper\">\n\t\t\t\t\t<a class=\"elementor-button elementor-button-link elementor-size-sm\" href=\"https:\/\/www.jmc.org.il\/wp-content\/uploads\/2025\/07\/international_subscription_form.pdf\">\n\t\t\t\t\t\t<span class=\"elementor-button-content-wrapper\">\n\t\t\t\t\t\t\t\t\t<span class=\"elementor-button-text\">Dwonload subscription purchase form<\/span>\n\t\t\t\t\t<\/span>\n\t\t\t\t\t<\/a>\n\t\t\t\t<\/div>\n\t\t\t\t\t\t\t\t<\/div>\n\t\t\t\t<\/div>\n\t\t\t\t<div class=\"elementor-element elementor-element-b7e36eb elementor-align-center elementor-widget elementor-widget-button\" data-id=\"b7e36eb\" data-element_type=\"widget\" data-e-type=\"widget\" download=\"https:\/\/www.jmc.org.il\/wp-content\/uploads\/2022\/08\/International-series-subscription-form.pdf\" data-widget_type=\"button.default\">\n\t\t\t\t<div class=\"elementor-widget-container\">\n\t\t\t\t\t\t\t\t\t<div class=\"elementor-button-wrapper\">\n\t\t\t\t\t<a class=\"elementor-button elementor-button-link elementor-size-sm\" href=\"https:\/\/www.jmc.org.il\/wp-content\/uploads\/2025\/08\/Jerusalem-Music-Centre-25-26-Program-English.pdf\" download=\"JMC-Concert-Program\">\n\t\t\t\t\t\t<span class=\"elementor-button-content-wrapper\">\n\t\t\t\t\t\t\t\t\t<span class=\"elementor-button-text\">Download series program<\/span>\n\t\t\t\t\t<\/span>\n\t\t\t\t\t<\/a>\n\t\t\t\t<\/div>\n\t\t\t\t\t\t\t\t<\/div>\n\t\t\t\t<\/div>\n\t\t\t\t<div class=\"elementor-element elementor-element-b9859a1 elementor-widget elementor-widget-text-editor\" data-id=\"b9859a1\" data-element_type=\"widget\" data-e-type=\"widget\" data-widget_type=\"text-editor.default\">\n\t\t\t\t<div class=\"elementor-widget-container\">\n\t\t\t\t\t\t\t\t\t<p>You can also contact us regarding subscription purchase<br>Email: info@jmc.org.il<br>Phone: 02-6241041<\/p>\t\t\t\t\t\t\t\t<\/div>\n\t\t\t\t<\/div>\n\t\t\t\t<div class=\"elementor-element elementor-element-ad39ec9 elementor-widget elementor-widget-text-editor\" data-id=\"ad39ec9\" data-element_type=\"widget\" data-e-type=\"widget\" data-widget_type=\"text-editor.default\">\n\t\t\t\t<div class=\"elementor-widget-container\">\n\t\t\t\t\t\t\t\t\t<p><a href=\"https:\/\/www.jmc.org.il\/wp-content\/uploads\/2025\/02\/International_series_subscription_instructions.pdf\">International Series Subscription Guidelines<\/a><\/p>\t\t\t\t\t\t\t\t<\/div>\n\t\t\t\t<\/div>\n\t\t\t\t\t<\/div>\n\t\t<\/div>\n\t\t\t\t\t<\/div>\n\t\t<\/section>\n\t\t\t\t\t<\/div>\n\t\t<\/div>\n\t\t\t\t\t<\/div>\n\t\t<\/section>\n\t\t\t\t<\/div>\n\t\t","protected":false},"excerpt":{"rendered":"<p>The Elaine and Sir James Wolfensohn International series Trio Boh\u00e9mo Thursday | 7.5.2026 | 20:00 | YMCA Jerusalem Matou\u0161 P\u011bru\u0161ka &#8211; violin Kristina Vocetkov\u00e1 &#8211; cello Jan Vojtek &#8211; piano Josef Suk: Elegie in D-flat Major, Op. 23 Smetana: Piano Trio in G minor, Op. 15 Mendelssohn: Piano Trio No. 1 in D minor, Op. [&hellip;]<\/p>\n","protected":false},"author":1,"featured_media":0,"parent":0,"menu_order":0,"comment_status":"closed","ping_status":"closed","template":"","meta":{"footnotes":""},"class_list":["post-41069","page","type-page","status-publish","hentry"],"yoast_head":"<!-- This site is optimized with the Yoast SEO Premium plugin v17.8 (Yoast SEO v17.8) - https:\/\/yoast.com\/wordpress\/plugins\/seo\/ -->\n<title>Trio_Bohemo - Jerusalem Music Centre<\/title>\n<meta name=\"robots\" content=\"index, follow, max-snippet:-1, max-image-preview:large, max-video-preview:-1\" \/>\n<link rel=\"canonical\" href=\"https:\/\/www.jmc.org.il\/en\/trio_bohemo\/\" \/>\n<meta property=\"og:locale\" content=\"en_US\" \/>\n<meta property=\"og:type\" content=\"article\" \/>\n<meta property=\"og:title\" content=\"Trio_Bohemo\" \/>\n<meta property=\"og:description\" content=\"The Elaine and Sir James Wolfensohn International series Trio Boh\u00e9mo Thursday | 7.5.2026 | 20:00 | YMCA Jerusalem Matou\u0161 P\u011bru\u0161ka &#8211; violin Kristina Vocetkov\u00e1 &#8211; cello Jan Vojtek &#8211; piano Josef Suk: Elegie in D-flat Major, Op. 23 Smetana: Piano Trio in G minor, Op. 15 Mendelssohn: Piano Trio No. 1 in D minor, Op. [&hellip;]\" \/>\n<meta property=\"og:url\" content=\"https:\/\/www.jmc.org.il\/en\/trio_bohemo\/\" \/>\n<meta property=\"og:site_name\" content=\"Jerusalem Music Centre\" \/>\n<meta property=\"article:publisher\" content=\"https:\/\/www.facebook.com\/jerusalem.music.centre\" \/>\n<meta property=\"article:modified_time\" content=\"2026-04-23T10:01:14+00:00\" \/>\n<meta property=\"og:image\" content=\"https:\/\/www.jmc.org.il\/wp-content\/uploads\/2026\/04\/c-Andrej-Grilc-07946a-2.jpg\" \/>\n<meta name=\"twitter:card\" content=\"summary_large_image\" \/>\n<script type=\"application\/ld+json\" class=\"yoast-schema-graph\">{\"@context\":\"https:\/\/schema.org\",\"@graph\":[{\"@type\":\"WebSite\",\"@id\":\"https:\/\/www.jmc.org.il\/en\/#website\",\"url\":\"https:\/\/www.jmc.org.il\/en\/\",\"name\":\"Jerusalem Music Centre\",\"description\":\"Jerusalem Music Centre\",\"potentialAction\":[{\"@type\":\"SearchAction\",\"target\":{\"@type\":\"EntryPoint\",\"urlTemplate\":\"https:\/\/www.jmc.org.il\/en\/?s={search_term_string}\"},\"query-input\":\"required name=search_term_string\"}],\"inLanguage\":\"en-US\"},{\"@type\":\"ImageObject\",\"@id\":\"https:\/\/www.jmc.org.il\/en\/trio_bohemo\/#primaryimage\",\"inLanguage\":\"en-US\",\"url\":\"https:\/\/www.jmc.org.il\/wp-content\/uploads\/2026\/04\/c-Andrej-Grilc-07946a-2.jpg\",\"contentUrl\":\"https:\/\/www.jmc.org.il\/wp-content\/uploads\/2026\/04\/c-Andrej-Grilc-07946a-2.jpg\",\"width\":800,\"height\":533},{\"@type\":\"WebPage\",\"@id\":\"https:\/\/www.jmc.org.il\/en\/trio_bohemo\/#webpage\",\"url\":\"https:\/\/www.jmc.org.il\/en\/trio_bohemo\/\",\"name\":\"Trio_Bohemo - Jerusalem Music Centre\",\"isPartOf\":{\"@id\":\"https:\/\/www.jmc.org.il\/en\/#website\"},\"primaryImageOfPage\":{\"@id\":\"https:\/\/www.jmc.org.il\/en\/trio_bohemo\/#primaryimage\"},\"datePublished\":\"2026-04-23T10:00:51+00:00\",\"dateModified\":\"2026-04-23T10:01:14+00:00\",\"breadcrumb\":{\"@id\":\"https:\/\/www.jmc.org.il\/en\/trio_bohemo\/#breadcrumb\"},\"inLanguage\":\"en-US\",\"potentialAction\":[{\"@type\":\"ReadAction\",\"target\":[\"https:\/\/www.jmc.org.il\/en\/trio_bohemo\/\"]}]},{\"@type\":\"BreadcrumbList\",\"@id\":\"https:\/\/www.jmc.org.il\/en\/trio_bohemo\/#breadcrumb\",\"itemListElement\":[{\"@type\":\"ListItem\",\"position\":1,\"name\":\"\\u05d3\\u05e3 \\u05d4\\u05d1\\u05d9\\u05ea\",\"item\":\"https:\/\/www.jmc.org.il\/en\/\"},{\"@type\":\"ListItem\",\"position\":2,\"name\":\"Trio_Bohemo\"}]}]}<\/script>\n<!-- \/ Yoast SEO Premium plugin. -->","yoast_head_json":{"title":"Trio_Bohemo - Jerusalem Music Centre","robots":{"index":"index","follow":"follow","max-snippet":"max-snippet:-1","max-image-preview":"max-image-preview:large","max-video-preview":"max-video-preview:-1"},"canonical":"https:\/\/www.jmc.org.il\/en\/trio_bohemo\/","og_locale":"en_US","og_type":"article","og_title":"Trio_Bohemo","og_description":"The Elaine and Sir James Wolfensohn International series Trio Boh\u00e9mo Thursday | 7.5.2026 | 20:00 | YMCA Jerusalem Matou\u0161 P\u011bru\u0161ka &#8211; violin Kristina Vocetkov\u00e1 &#8211; cello Jan Vojtek &#8211; piano Josef Suk: Elegie in D-flat Major, Op. 23 Smetana: Piano Trio in G minor, Op. 15 Mendelssohn: Piano Trio No. 1 in D minor, Op. [&hellip;]","og_url":"https:\/\/www.jmc.org.il\/en\/trio_bohemo\/","og_site_name":"Jerusalem Music Centre","article_publisher":"https:\/\/www.facebook.com\/jerusalem.music.centre","article_modified_time":"2026-04-23T10:01:14+00:00","og_image":[{"url":"https:\/\/www.jmc.org.il\/wp-content\/uploads\/2026\/04\/c-Andrej-Grilc-07946a-2.jpg"}],"twitter_card":"summary_large_image","schema":{"@context":"https:\/\/schema.org","@graph":[{"@type":"WebSite","@id":"https:\/\/www.jmc.org.il\/en\/#website","url":"https:\/\/www.jmc.org.il\/en\/","name":"Jerusalem Music Centre","description":"Jerusalem Music Centre","potentialAction":[{"@type":"SearchAction","target":{"@type":"EntryPoint","urlTemplate":"https:\/\/www.jmc.org.il\/en\/?s={search_term_string}"},"query-input":"required name=search_term_string"}],"inLanguage":"en-US"},{"@type":"ImageObject","@id":"https:\/\/www.jmc.org.il\/en\/trio_bohemo\/#primaryimage","inLanguage":"en-US","url":"https:\/\/www.jmc.org.il\/wp-content\/uploads\/2026\/04\/c-Andrej-Grilc-07946a-2.jpg","contentUrl":"https:\/\/www.jmc.org.il\/wp-content\/uploads\/2026\/04\/c-Andrej-Grilc-07946a-2.jpg","width":800,"height":533},{"@type":"WebPage","@id":"https:\/\/www.jmc.org.il\/en\/trio_bohemo\/#webpage","url":"https:\/\/www.jmc.org.il\/en\/trio_bohemo\/","name":"Trio_Bohemo - Jerusalem Music Centre","isPartOf":{"@id":"https:\/\/www.jmc.org.il\/en\/#website"},"primaryImageOfPage":{"@id":"https:\/\/www.jmc.org.il\/en\/trio_bohemo\/#primaryimage"},"datePublished":"2026-04-23T10:00:51+00:00","dateModified":"2026-04-23T10:01:14+00:00","breadcrumb":{"@id":"https:\/\/www.jmc.org.il\/en\/trio_bohemo\/#breadcrumb"},"inLanguage":"en-US","potentialAction":[{"@type":"ReadAction","target":["https:\/\/www.jmc.org.il\/en\/trio_bohemo\/"]}]},{"@type":"BreadcrumbList","@id":"https:\/\/www.jmc.org.il\/en\/trio_bohemo\/#breadcrumb","itemListElement":[{"@type":"ListItem","position":1,"name":"\u05d3\u05e3 \u05d4\u05d1\u05d9\u05ea","item":"https:\/\/www.jmc.org.il\/en\/"},{"@type":"ListItem","position":2,"name":"Trio_Bohemo"}]}]}},"_links":{"self":[{"href":"https:\/\/www.jmc.org.il\/en\/wp-json\/wp\/v2\/pages\/41069","targetHints":{"allow":["GET"]}}],"collection":[{"href":"https:\/\/www.jmc.org.il\/en\/wp-json\/wp\/v2\/pages"}],"about":[{"href":"https:\/\/www.jmc.org.il\/en\/wp-json\/wp\/v2\/types\/page"}],"author":[{"embeddable":true,"href":"https:\/\/www.jmc.org.il\/en\/wp-json\/wp\/v2\/users\/1"}],"replies":[{"embeddable":true,"href":"https:\/\/www.jmc.org.il\/en\/wp-json\/wp\/v2\/comments?post=41069"}],"version-history":[{"count":4,"href":"https:\/\/www.jmc.org.il\/en\/wp-json\/wp\/v2\/pages\/41069\/revisions"}],"predecessor-version":[{"id":41074,"href":"https:\/\/www.jmc.org.il\/en\/wp-json\/wp\/v2\/pages\/41069\/revisions\/41074"}],"wp:attachment":[{"href":"https:\/\/www.jmc.org.il\/en\/wp-json\/wp\/v2\/media?parent=41069"}],"curies":[{"name":"wp","href":"https:\/\/api.w.org\/{rel}","templated":true}]}}