{"id":34759,"date":"2025-03-25T09:07:11","date_gmt":"2025-03-25T09:07:11","guid":{"rendered":"https:\/\/www.jmc.org.il\/james-justin-kent\/"},"modified":"2025-03-25T09:07:12","modified_gmt":"2025-03-25T09:07:12","slug":"james-justin-kent","status":"publish","type":"page","link":"https:\/\/www.jmc.org.il\/en\/james-justin-kent\/","title":{"rendered":"James-Justin-Kent"},"content":{"rendered":"\t\t<div data-elementor-type=\"wp-page\" data-elementor-id=\"34759\" class=\"elementor elementor-34759 elementor-34754\">\n\t\t\t\t\t\t<section class=\"elementor-section elementor-top-section elementor-element elementor-element-bb0fa88 elementor-section-boxed elementor-section-height-default elementor-section-height-default\" data-id=\"bb0fa88\" data-element_type=\"section\" data-e-type=\"section\">\n\t\t\t\t\t\t<div class=\"elementor-container elementor-column-gap-default\">\n\t\t\t\t\t<div class=\"elementor-column elementor-col-50 elementor-top-column elementor-element elementor-element-3ada5d1\" data-id=\"3ada5d1\" data-element_type=\"column\" data-e-type=\"column\">\n\t\t\t<div class=\"elementor-widget-wrap elementor-element-populated\">\n\t\t\t\t\t\t<div class=\"elementor-element elementor-element-6369abc elementor-widget elementor-widget-heading\" data-id=\"6369abc\" data-element_type=\"widget\" data-e-type=\"widget\" data-widget_type=\"heading.default\">\n\t\t\t\t<div class=\"elementor-widget-container\">\n\t\t\t\t\t<h2 class=\"elementor-heading-title elementor-size-default\">\u05d2'\u05d9\u05d9\u05de\u05e1 \u05d2'\u05e1\u05d8\u05d9\u05df \u05e7\u05e0\u05d8<\/h2>\t\t\t\t<\/div>\n\t\t\t\t<\/div>\n\t\t\t\t<div class=\"elementor-element elementor-element-e29a837 elementor-widget elementor-widget-text-editor\" data-id=\"e29a837\" data-element_type=\"widget\" data-e-type=\"widget\" data-widget_type=\"text-editor.default\">\n\t\t\t\t<div class=\"elementor-widget-container\">\n\t\t\t\t\t\t\t\t\t<p><span style=\"font-weight: 400;\">International Trombonist, James Justin Kent, is currently Second Trombonist with the Swedish Radio Symphony Orchestra in Stockholm, Sweden. Mr. Kent has been on the Eastern Music Festival faculty since 2018 and the Norddeustsche Orchesterakademie (North German Orchestra Academy) faculty since 2020. He has given masterclasses, performed recitals and concerts, and taught aspiring young trombone students all over the world.<br \/>Mr. Kent\u2019s first position of note was as Principal Trombone with the Israel Philharmonic Orchestra under Zubin Metha. He then spent a season as Principal Trombone with the Sarasota Orchestra before winning a position in a newly founded orchestra in Qatar, the Qatar Philharmonic Orchestra. He spent over four years in Qatar playing Co- Principal Trombone where several renowned conductors conducted regularly, including Lorin Maazel, Dmitri Kitajenko, Gerd Albrecht, Marc Minkowski, and James Gaffigan. While in Qatar, he held a teaching position at the Qatar Music Academy. In 2012, Mr. Kent became the Second Trombonist with the Orchestre Philharmonique du Luxembourg. The following year, he moved to Austria and became Solo-Trombonist with the Bruckner Orchester Linz. <\/p>\n<p>    <\/span><\/p>\n<p><span style=\"font-weight: 400;\">As a sought after clinician, he has given masterclasses at Eastman School of Music, Conservatori de M\u00fasica de Barcelona, Artave ESCOLA PROFISSIONAL ART\u00cdSTIC (Porto, Portugal), Mannes School of Music, Cincinnati Conservatory of Music, K\u00e4rntner Landeskonservatorium, and many others. He has also performed with numerous orchestras across the world, including Munich Philharmonic, Tonhalle-Orchester Zurich, WDR Symphony Orchestra Cologne, Konzerthausorchester Berlin, G\u00fcrzenich K\u00f6ln, Boston Symphony Orchestra, National Symphony Orchestra, Staatsphilharmonie N\u00fcrnberg, NDR Radiophilharmonie Hannover, Jerusalem Symphony Orchestra, Niederbayerische Philharmonie, K\u00e4rntner Sinfonieorchester, and Hong Kong Philharmonic.<br \/>In his free time, Mr. Kent is an avid swimmer, homemade pizza maker and lumberjack. He lives in Stockholm, Sweden with his beautiful wife, Andrea, and adores being Papa to their three children Ryder, Bruckner, and Anna Louisa.    <\/span><\/p>\n\t\t\t\t\t\t\t\t<\/div>\n\t\t\t\t<\/div>\n\t\t\t\t\t<\/div>\n\t\t<\/div>\n\t\t\t\t<div class=\"elementor-column elementor-col-50 elementor-top-column elementor-element elementor-element-21b1234\" data-id=\"21b1234\" data-element_type=\"column\" data-e-type=\"column\">\n\t\t\t<div class=\"elementor-widget-wrap elementor-element-populated\">\n\t\t\t\t\t\t<div class=\"elementor-element elementor-element-65775d4 elementor-widget elementor-widget-image\" data-id=\"65775d4\" data-element_type=\"widget\" data-e-type=\"widget\" data-widget_type=\"image.default\">\n\t\t\t\t<div class=\"elementor-widget-container\">\n\t\t\t\t\t\t\t\t\t\t\t\t\t\t\t<img fetchpriority=\"high\" decoding=\"async\" width=\"850\" height=\"869\" src=\"https:\/\/www.jmc.org.il\/wp-content\/uploads\/2025\/03\/James-Justin-Kent.jpg\" class=\"attachment-full size-full wp-image-34753\" alt=\"\" srcset=\"https:\/\/www.jmc.org.il\/wp-content\/uploads\/2025\/03\/James-Justin-Kent.jpg 850w, https:\/\/www.jmc.org.il\/wp-content\/uploads\/2025\/03\/James-Justin-Kent-293x300.jpg 293w, https:\/\/www.jmc.org.il\/wp-content\/uploads\/2025\/03\/James-Justin-Kent-768x785.jpg 768w\" sizes=\"(max-width: 850px) 100vw, 850px\" \/>\t\t\t\t\t\t\t\t\t\t\t\t\t\t\t<\/div>\n\t\t\t\t<\/div>\n\t\t\t\t<div class=\"elementor-element elementor-element-884d3d9 elementor-widget elementor-widget-heading\" data-id=\"884d3d9\" data-element_type=\"widget\" data-e-type=\"widget\" data-widget_type=\"heading.default\">\n\t\t\t\t<div class=\"elementor-widget-container\">\n\t\t\t\t\t<h5 class=\"elementor-heading-title elementor-size-default\"><a href=\"https:\/\/www.jmc.org.il\/en\/mor_biron\/\">Photo: \u00a9 Christoph Risch<\/a><\/h5>\t\t\t\t<\/div>\n\t\t\t\t<\/div>\n\t\t\t\t\t<\/div>\n\t\t<\/div>\n\t\t\t\t\t<\/div>\n\t\t<\/section>\n\t\t\t\t<\/div>\n\t\t","protected":false},"excerpt":{"rendered":"<p>\u05d2&#8217;\u05d9\u05d9\u05de\u05e1 \u05d2&#8217;\u05e1\u05d8\u05d9\u05df \u05e7\u05e0\u05d8 International Trombonist, James Justin Kent, is currently Second Trombonist with the Swedish Radio Symphony Orchestra in Stockholm, Sweden. Mr. Kent has been on the Eastern Music Festival faculty since 2018 and the Norddeustsche Orchesterakademie (North German Orchestra Academy) faculty since 2020. He has given masterclasses, performed recitals and concerts, and taught aspiring [&hellip;]<\/p>\n","protected":false},"author":1,"featured_media":0,"parent":0,"menu_order":0,"comment_status":"closed","ping_status":"closed","template":"","meta":{"footnotes":""},"class_list":["post-34759","page","type-page","status-publish","hentry"],"yoast_head":"<!-- This site is optimized with the Yoast SEO Premium plugin v17.8 (Yoast SEO v17.8) - https:\/\/yoast.com\/wordpress\/plugins\/seo\/ -->\n<title>James-Justin-Kent - Jerusalem Music Centre<\/title>\n<meta name=\"robots\" content=\"index, follow, max-snippet:-1, max-image-preview:large, max-video-preview:-1\" \/>\n<link rel=\"canonical\" href=\"https:\/\/www.jmc.org.il\/en\/james-justin-kent\/\" \/>\n<meta property=\"og:locale\" content=\"en_US\" \/>\n<meta property=\"og:type\" content=\"article\" \/>\n<meta property=\"og:title\" content=\"James-Justin-Kent\" \/>\n<meta property=\"og:description\" content=\"\u05d2&#8217;\u05d9\u05d9\u05de\u05e1 \u05d2&#8217;\u05e1\u05d8\u05d9\u05df \u05e7\u05e0\u05d8 International Trombonist, James Justin Kent, is currently Second Trombonist with the Swedish Radio Symphony Orchestra in Stockholm, Sweden. Mr. Kent has been on the Eastern Music Festival faculty since 2018 and the Norddeustsche Orchesterakademie (North German Orchestra Academy) faculty since 2020. He has given masterclasses, performed recitals and concerts, and taught aspiring [&hellip;]\" \/>\n<meta property=\"og:url\" content=\"https:\/\/www.jmc.org.il\/en\/james-justin-kent\/\" \/>\n<meta property=\"og:site_name\" content=\"Jerusalem Music Centre\" \/>\n<meta property=\"article:publisher\" content=\"https:\/\/www.facebook.com\/jerusalem.music.centre\" \/>\n<meta property=\"article:modified_time\" content=\"2025-03-25T09:07:12+00:00\" \/>\n<meta property=\"og:image\" content=\"https:\/\/www.jmc.org.il\/wp-content\/uploads\/2025\/03\/James-Justin-Kent.jpg\" \/>\n<meta name=\"twitter:card\" content=\"summary_large_image\" \/>\n<meta name=\"twitter:label1\" content=\"Est. reading time\" \/>\n\t<meta name=\"twitter:data1\" content=\"2 minutes\" \/>\n<script type=\"application\/ld+json\" class=\"yoast-schema-graph\">{\"@context\":\"https:\/\/schema.org\",\"@graph\":[{\"@type\":\"WebSite\",\"@id\":\"https:\/\/www.jmc.org.il\/en\/#website\",\"url\":\"https:\/\/www.jmc.org.il\/en\/\",\"name\":\"Jerusalem Music Centre\",\"description\":\"Jerusalem Music Centre\",\"potentialAction\":[{\"@type\":\"SearchAction\",\"target\":{\"@type\":\"EntryPoint\",\"urlTemplate\":\"https:\/\/www.jmc.org.il\/en\/?s={search_term_string}\"},\"query-input\":\"required name=search_term_string\"}],\"inLanguage\":\"en-US\"},{\"@type\":\"ImageObject\",\"@id\":\"https:\/\/www.jmc.org.il\/en\/james-justin-kent\/#primaryimage\",\"inLanguage\":\"en-US\",\"url\":\"https:\/\/www.jmc.org.il\/wp-content\/uploads\/2025\/03\/James-Justin-Kent.jpg\",\"contentUrl\":\"https:\/\/www.jmc.org.il\/wp-content\/uploads\/2025\/03\/James-Justin-Kent.jpg\",\"width\":850,\"height\":869},{\"@type\":\"WebPage\",\"@id\":\"https:\/\/www.jmc.org.il\/en\/james-justin-kent\/#webpage\",\"url\":\"https:\/\/www.jmc.org.il\/en\/james-justin-kent\/\",\"name\":\"James-Justin-Kent - Jerusalem Music Centre\",\"isPartOf\":{\"@id\":\"https:\/\/www.jmc.org.il\/en\/#website\"},\"primaryImageOfPage\":{\"@id\":\"https:\/\/www.jmc.org.il\/en\/james-justin-kent\/#primaryimage\"},\"datePublished\":\"2025-03-25T09:07:11+00:00\",\"dateModified\":\"2025-03-25T09:07:12+00:00\",\"breadcrumb\":{\"@id\":\"https:\/\/www.jmc.org.il\/en\/james-justin-kent\/#breadcrumb\"},\"inLanguage\":\"en-US\",\"potentialAction\":[{\"@type\":\"ReadAction\",\"target\":[\"https:\/\/www.jmc.org.il\/en\/james-justin-kent\/\"]}]},{\"@type\":\"BreadcrumbList\",\"@id\":\"https:\/\/www.jmc.org.il\/en\/james-justin-kent\/#breadcrumb\",\"itemListElement\":[{\"@type\":\"ListItem\",\"position\":1,\"name\":\"\\u05d3\\u05e3 \\u05d4\\u05d1\\u05d9\\u05ea\",\"item\":\"https:\/\/www.jmc.org.il\/en\/\"},{\"@type\":\"ListItem\",\"position\":2,\"name\":\"James-Justin-Kent\"}]}]}<\/script>\n<!-- \/ Yoast SEO Premium plugin. -->","yoast_head_json":{"title":"James-Justin-Kent - Jerusalem Music Centre","robots":{"index":"index","follow":"follow","max-snippet":"max-snippet:-1","max-image-preview":"max-image-preview:large","max-video-preview":"max-video-preview:-1"},"canonical":"https:\/\/www.jmc.org.il\/en\/james-justin-kent\/","og_locale":"en_US","og_type":"article","og_title":"James-Justin-Kent","og_description":"\u05d2&#8217;\u05d9\u05d9\u05de\u05e1 \u05d2&#8217;\u05e1\u05d8\u05d9\u05df \u05e7\u05e0\u05d8 International Trombonist, James Justin Kent, is currently Second Trombonist with the Swedish Radio Symphony Orchestra in Stockholm, Sweden. Mr. Kent has been on the Eastern Music Festival faculty since 2018 and the Norddeustsche Orchesterakademie (North German Orchestra Academy) faculty since 2020. He has given masterclasses, performed recitals and concerts, and taught aspiring [&hellip;]","og_url":"https:\/\/www.jmc.org.il\/en\/james-justin-kent\/","og_site_name":"Jerusalem Music Centre","article_publisher":"https:\/\/www.facebook.com\/jerusalem.music.centre","article_modified_time":"2025-03-25T09:07:12+00:00","og_image":[{"url":"https:\/\/www.jmc.org.il\/wp-content\/uploads\/2025\/03\/James-Justin-Kent.jpg"}],"twitter_card":"summary_large_image","twitter_misc":{"Est. reading time":"2 minutes"},"schema":{"@context":"https:\/\/schema.org","@graph":[{"@type":"WebSite","@id":"https:\/\/www.jmc.org.il\/en\/#website","url":"https:\/\/www.jmc.org.il\/en\/","name":"Jerusalem Music Centre","description":"Jerusalem Music Centre","potentialAction":[{"@type":"SearchAction","target":{"@type":"EntryPoint","urlTemplate":"https:\/\/www.jmc.org.il\/en\/?s={search_term_string}"},"query-input":"required name=search_term_string"}],"inLanguage":"en-US"},{"@type":"ImageObject","@id":"https:\/\/www.jmc.org.il\/en\/james-justin-kent\/#primaryimage","inLanguage":"en-US","url":"https:\/\/www.jmc.org.il\/wp-content\/uploads\/2025\/03\/James-Justin-Kent.jpg","contentUrl":"https:\/\/www.jmc.org.il\/wp-content\/uploads\/2025\/03\/James-Justin-Kent.jpg","width":850,"height":869},{"@type":"WebPage","@id":"https:\/\/www.jmc.org.il\/en\/james-justin-kent\/#webpage","url":"https:\/\/www.jmc.org.il\/en\/james-justin-kent\/","name":"James-Justin-Kent - Jerusalem Music Centre","isPartOf":{"@id":"https:\/\/www.jmc.org.il\/en\/#website"},"primaryImageOfPage":{"@id":"https:\/\/www.jmc.org.il\/en\/james-justin-kent\/#primaryimage"},"datePublished":"2025-03-25T09:07:11+00:00","dateModified":"2025-03-25T09:07:12+00:00","breadcrumb":{"@id":"https:\/\/www.jmc.org.il\/en\/james-justin-kent\/#breadcrumb"},"inLanguage":"en-US","potentialAction":[{"@type":"ReadAction","target":["https:\/\/www.jmc.org.il\/en\/james-justin-kent\/"]}]},{"@type":"BreadcrumbList","@id":"https:\/\/www.jmc.org.il\/en\/james-justin-kent\/#breadcrumb","itemListElement":[{"@type":"ListItem","position":1,"name":"\u05d3\u05e3 \u05d4\u05d1\u05d9\u05ea","item":"https:\/\/www.jmc.org.il\/en\/"},{"@type":"ListItem","position":2,"name":"James-Justin-Kent"}]}]}},"_links":{"self":[{"href":"https:\/\/www.jmc.org.il\/en\/wp-json\/wp\/v2\/pages\/34759","targetHints":{"allow":["GET"]}}],"collection":[{"href":"https:\/\/www.jmc.org.il\/en\/wp-json\/wp\/v2\/pages"}],"about":[{"href":"https:\/\/www.jmc.org.il\/en\/wp-json\/wp\/v2\/types\/page"}],"author":[{"embeddable":true,"href":"https:\/\/www.jmc.org.il\/en\/wp-json\/wp\/v2\/users\/1"}],"replies":[{"embeddable":true,"href":"https:\/\/www.jmc.org.il\/en\/wp-json\/wp\/v2\/comments?post=34759"}],"version-history":[{"count":1,"href":"https:\/\/www.jmc.org.il\/en\/wp-json\/wp\/v2\/pages\/34759\/revisions"}],"predecessor-version":[{"id":34760,"href":"https:\/\/www.jmc.org.il\/en\/wp-json\/wp\/v2\/pages\/34759\/revisions\/34760"}],"wp:attachment":[{"href":"https:\/\/www.jmc.org.il\/en\/wp-json\/wp\/v2\/media?parent=34759"}],"curies":[{"name":"wp","href":"https:\/\/api.w.org\/{rel}","templated":true}]}}