{"id":34598,"date":"2025-03-20T10:30:41","date_gmt":"2025-03-20T10:30:41","guid":{"rendered":"https:\/\/www.jmc.org.il\/hans_jorgen_jensen\/"},"modified":"2025-03-20T10:30:42","modified_gmt":"2025-03-20T10:30:42","slug":"hans_jorgen_jensen","status":"publish","type":"page","link":"https:\/\/www.jmc.org.il\/en\/hans_jorgen_jensen\/","title":{"rendered":"Hans_J\u00f8rgen_Jensen"},"content":{"rendered":"\t\t<div data-elementor-type=\"wp-page\" data-elementor-id=\"34598\" class=\"elementor elementor-34598 elementor-34587\">\n\t\t\t\t\t\t<section class=\"elementor-section elementor-top-section elementor-element elementor-element-649cdac elementor-section-boxed elementor-section-height-default elementor-section-height-default\" data-id=\"649cdac\" data-element_type=\"section\" data-e-type=\"section\">\n\t\t\t\t\t\t<div class=\"elementor-container elementor-column-gap-default\">\n\t\t\t\t\t<div class=\"elementor-column elementor-col-50 elementor-top-column elementor-element elementor-element-d76292d\" data-id=\"d76292d\" data-element_type=\"column\" data-e-type=\"column\">\n\t\t\t<div class=\"elementor-widget-wrap elementor-element-populated\">\n\t\t\t\t\t\t<div class=\"elementor-element elementor-element-f695e28 elementor-widget elementor-widget-heading\" data-id=\"f695e28\" data-element_type=\"widget\" data-e-type=\"widget\" data-widget_type=\"heading.default\">\n\t\t\t\t<div class=\"elementor-widget-container\">\n\t\t\t\t\t<h2 class=\"elementor-heading-title elementor-size-default\">Prof. Hans J\u00f8rgen Jensen<\/h2>\t\t\t\t<\/div>\n\t\t\t\t<\/div>\n\t\t\t\t<div class=\"elementor-element elementor-element-a19b1b0 elementor-widget elementor-widget-text-editor\" data-id=\"a19b1b0\" data-element_type=\"widget\" data-e-type=\"widget\" data-widget_type=\"text-editor.default\">\n\t\t\t\t<div class=\"elementor-widget-container\">\n\t\t\t\t\t\t\t\t\t<p>Hans J\u00f8rgen Jensen is professor of cello at the Bienen School of Music at Northwestern University. From 1979 to 1987 he was professor of cello at the Moore\u2019s School of Music at the University of Houston. During the summer, he is a faculty member at The Meadowmount School of Music and The Young Artist Program at the National Arts Center in Ottawa Canada under the direction of Pinchas Zukerman. He has been a guest professor at the Thornton School of Music at the University of Southern California, The Oberlin College Conservatory, The Eastman School of Music, The Academy of Music in Sydney, The Royal Academy of Music in Copenhagen, the Tokyo College of Music and the Musashino Academy of Music in Japan, the Festival de Musica de Santa Catarina in Brazil, The Jerusalem Music Center, and the PyeongChang International festival and School in Korea.&nbsp;<br><br><br>   <\/p>\n<p>Hans J\u00f8rgen Jensen&#8217;s former students hold positions in major orchestras worldwide, including The New York Philharmonic, Chicago Symphony, and orchestras in Portugal and Austria. They serve as principal cellists in multiple symphonies including Toronto, Detroit, and Copenhagen, and teach at prestigious institutions such as Northwestern University, University of California at Berkeley, and the Royal Academy of Music in Copenhagen. His students have won first prizes in numerous competitions, including the 2017 Klein Competition, 2017 Sphinx Competition, Casado International Competition in Japan, and have been prizewinners in the 2017 Queen Elisabeth Inaugural Cello Competition, Naumburg International Competition, and others.  <\/p>\t\t\t\t\t\t\t\t<\/div>\n\t\t\t\t<\/div>\n\t\t\t\t\t<\/div>\n\t\t<\/div>\n\t\t\t\t<div class=\"elementor-column elementor-col-50 elementor-top-column elementor-element elementor-element-be6b45a\" data-id=\"be6b45a\" data-element_type=\"column\" data-e-type=\"column\">\n\t\t\t<div class=\"elementor-widget-wrap elementor-element-populated\">\n\t\t\t\t\t\t<div class=\"elementor-element elementor-element-b8b0370 elementor-widget elementor-widget-image\" data-id=\"b8b0370\" data-element_type=\"widget\" data-e-type=\"widget\" data-widget_type=\"image.default\">\n\t\t\t\t<div class=\"elementor-widget-container\">\n\t\t\t\t\t\t\t\t\t\t\t\t\t\t\t<img fetchpriority=\"high\" decoding=\"async\" width=\"600\" height=\"897\" src=\"https:\/\/www.jmc.org.il\/wp-content\/uploads\/2025\/03\/hans-jorgen-jensen.jpg\" class=\"attachment-large size-large wp-image-34591\" alt=\"\" srcset=\"https:\/\/www.jmc.org.il\/wp-content\/uploads\/2025\/03\/hans-jorgen-jensen.jpg 600w, https:\/\/www.jmc.org.il\/wp-content\/uploads\/2025\/03\/hans-jorgen-jensen-201x300.jpg 201w\" sizes=\"(max-width: 600px) 100vw, 600px\" \/>\t\t\t\t\t\t\t\t\t\t\t\t\t\t\t<\/div>\n\t\t\t\t<\/div>\n\t\t\t\t\t<\/div>\n\t\t<\/div>\n\t\t\t\t\t<\/div>\n\t\t<\/section>\n\t\t\t\t<\/div>\n\t\t","protected":false},"excerpt":{"rendered":"<p>Prof. Hans J\u00f8rgen Jensen Hans J\u00f8rgen Jensen is professor of cello at the Bienen School of Music at Northwestern University. From 1979 to 1987 he was professor of cello at the Moore\u2019s School of Music at the University of Houston. During the summer, he is a faculty member at The Meadowmount School of Music and [&hellip;]<\/p>\n","protected":false},"author":1,"featured_media":0,"parent":0,"menu_order":0,"comment_status":"closed","ping_status":"closed","template":"","meta":{"footnotes":""},"class_list":["post-34598","page","type-page","status-publish","hentry"],"yoast_head":"<!-- This site is optimized with the Yoast SEO Premium plugin v17.8 (Yoast SEO v17.8) - https:\/\/yoast.com\/wordpress\/plugins\/seo\/ -->\n<title>Hans_J\u00f8rgen_Jensen - Jerusalem Music Centre<\/title>\n<meta name=\"robots\" content=\"index, follow, max-snippet:-1, max-image-preview:large, max-video-preview:-1\" \/>\n<link rel=\"canonical\" href=\"https:\/\/www.jmc.org.il\/en\/hans_jorgen_jensen\/\" \/>\n<meta property=\"og:locale\" content=\"en_US\" \/>\n<meta property=\"og:type\" content=\"article\" \/>\n<meta property=\"og:title\" content=\"Hans_J\u00f8rgen_Jensen\" \/>\n<meta property=\"og:description\" content=\"Prof. Hans J\u00f8rgen Jensen Hans J\u00f8rgen Jensen is professor of cello at the Bienen School of Music at Northwestern University. From 1979 to 1987 he was professor of cello at the Moore\u2019s School of Music at the University of Houston. During the summer, he is a faculty member at The Meadowmount School of Music and [&hellip;]\" \/>\n<meta property=\"og:url\" content=\"https:\/\/www.jmc.org.il\/en\/hans_jorgen_jensen\/\" \/>\n<meta property=\"og:site_name\" content=\"Jerusalem Music Centre\" \/>\n<meta property=\"article:publisher\" content=\"https:\/\/www.facebook.com\/jerusalem.music.centre\" \/>\n<meta property=\"article:modified_time\" content=\"2025-03-20T10:30:42+00:00\" \/>\n<meta property=\"og:image\" content=\"https:\/\/www.jmc.org.il\/wp-content\/uploads\/2025\/03\/hans-jorgen-jensen.jpg\" \/>\n<meta name=\"twitter:card\" content=\"summary_large_image\" \/>\n<meta name=\"twitter:label1\" content=\"Est. reading time\" \/>\n\t<meta name=\"twitter:data1\" content=\"1 minute\" \/>\n<script type=\"application\/ld+json\" class=\"yoast-schema-graph\">{\"@context\":\"https:\/\/schema.org\",\"@graph\":[{\"@type\":\"WebSite\",\"@id\":\"https:\/\/www.jmc.org.il\/en\/#website\",\"url\":\"https:\/\/www.jmc.org.il\/en\/\",\"name\":\"Jerusalem Music Centre\",\"description\":\"Jerusalem Music Centre\",\"potentialAction\":[{\"@type\":\"SearchAction\",\"target\":{\"@type\":\"EntryPoint\",\"urlTemplate\":\"https:\/\/www.jmc.org.il\/en\/?s={search_term_string}\"},\"query-input\":\"required name=search_term_string\"}],\"inLanguage\":\"en-US\"},{\"@type\":\"ImageObject\",\"@id\":\"https:\/\/www.jmc.org.il\/en\/hans_jorgen_jensen\/#primaryimage\",\"inLanguage\":\"en-US\",\"url\":\"https:\/\/www.jmc.org.il\/wp-content\/uploads\/2025\/03\/hans-jorgen-jensen.jpg\",\"contentUrl\":\"https:\/\/www.jmc.org.il\/wp-content\/uploads\/2025\/03\/hans-jorgen-jensen.jpg\",\"width\":600,\"height\":897},{\"@type\":\"WebPage\",\"@id\":\"https:\/\/www.jmc.org.il\/en\/hans_jorgen_jensen\/#webpage\",\"url\":\"https:\/\/www.jmc.org.il\/en\/hans_jorgen_jensen\/\",\"name\":\"Hans_J\\u00f8rgen_Jensen - Jerusalem Music Centre\",\"isPartOf\":{\"@id\":\"https:\/\/www.jmc.org.il\/en\/#website\"},\"primaryImageOfPage\":{\"@id\":\"https:\/\/www.jmc.org.il\/en\/hans_jorgen_jensen\/#primaryimage\"},\"datePublished\":\"2025-03-20T10:30:41+00:00\",\"dateModified\":\"2025-03-20T10:30:42+00:00\",\"breadcrumb\":{\"@id\":\"https:\/\/www.jmc.org.il\/en\/hans_jorgen_jensen\/#breadcrumb\"},\"inLanguage\":\"en-US\",\"potentialAction\":[{\"@type\":\"ReadAction\",\"target\":[\"https:\/\/www.jmc.org.il\/en\/hans_jorgen_jensen\/\"]}]},{\"@type\":\"BreadcrumbList\",\"@id\":\"https:\/\/www.jmc.org.il\/en\/hans_jorgen_jensen\/#breadcrumb\",\"itemListElement\":[{\"@type\":\"ListItem\",\"position\":1,\"name\":\"\\u05d3\\u05e3 \\u05d4\\u05d1\\u05d9\\u05ea\",\"item\":\"https:\/\/www.jmc.org.il\/en\/\"},{\"@type\":\"ListItem\",\"position\":2,\"name\":\"Hans_J\\u00f8rgen_Jensen\"}]}]}<\/script>\n<!-- \/ Yoast SEO Premium plugin. -->","yoast_head_json":{"title":"Hans_J\u00f8rgen_Jensen - Jerusalem Music Centre","robots":{"index":"index","follow":"follow","max-snippet":"max-snippet:-1","max-image-preview":"max-image-preview:large","max-video-preview":"max-video-preview:-1"},"canonical":"https:\/\/www.jmc.org.il\/en\/hans_jorgen_jensen\/","og_locale":"en_US","og_type":"article","og_title":"Hans_J\u00f8rgen_Jensen","og_description":"Prof. Hans J\u00f8rgen Jensen Hans J\u00f8rgen Jensen is professor of cello at the Bienen School of Music at Northwestern University. From 1979 to 1987 he was professor of cello at the Moore\u2019s School of Music at the University of Houston. During the summer, he is a faculty member at The Meadowmount School of Music and [&hellip;]","og_url":"https:\/\/www.jmc.org.il\/en\/hans_jorgen_jensen\/","og_site_name":"Jerusalem Music Centre","article_publisher":"https:\/\/www.facebook.com\/jerusalem.music.centre","article_modified_time":"2025-03-20T10:30:42+00:00","og_image":[{"url":"https:\/\/www.jmc.org.il\/wp-content\/uploads\/2025\/03\/hans-jorgen-jensen.jpg"}],"twitter_card":"summary_large_image","twitter_misc":{"Est. reading time":"1 minute"},"schema":{"@context":"https:\/\/schema.org","@graph":[{"@type":"WebSite","@id":"https:\/\/www.jmc.org.il\/en\/#website","url":"https:\/\/www.jmc.org.il\/en\/","name":"Jerusalem Music Centre","description":"Jerusalem Music Centre","potentialAction":[{"@type":"SearchAction","target":{"@type":"EntryPoint","urlTemplate":"https:\/\/www.jmc.org.il\/en\/?s={search_term_string}"},"query-input":"required name=search_term_string"}],"inLanguage":"en-US"},{"@type":"ImageObject","@id":"https:\/\/www.jmc.org.il\/en\/hans_jorgen_jensen\/#primaryimage","inLanguage":"en-US","url":"https:\/\/www.jmc.org.il\/wp-content\/uploads\/2025\/03\/hans-jorgen-jensen.jpg","contentUrl":"https:\/\/www.jmc.org.il\/wp-content\/uploads\/2025\/03\/hans-jorgen-jensen.jpg","width":600,"height":897},{"@type":"WebPage","@id":"https:\/\/www.jmc.org.il\/en\/hans_jorgen_jensen\/#webpage","url":"https:\/\/www.jmc.org.il\/en\/hans_jorgen_jensen\/","name":"Hans_J\u00f8rgen_Jensen - Jerusalem Music Centre","isPartOf":{"@id":"https:\/\/www.jmc.org.il\/en\/#website"},"primaryImageOfPage":{"@id":"https:\/\/www.jmc.org.il\/en\/hans_jorgen_jensen\/#primaryimage"},"datePublished":"2025-03-20T10:30:41+00:00","dateModified":"2025-03-20T10:30:42+00:00","breadcrumb":{"@id":"https:\/\/www.jmc.org.il\/en\/hans_jorgen_jensen\/#breadcrumb"},"inLanguage":"en-US","potentialAction":[{"@type":"ReadAction","target":["https:\/\/www.jmc.org.il\/en\/hans_jorgen_jensen\/"]}]},{"@type":"BreadcrumbList","@id":"https:\/\/www.jmc.org.il\/en\/hans_jorgen_jensen\/#breadcrumb","itemListElement":[{"@type":"ListItem","position":1,"name":"\u05d3\u05e3 \u05d4\u05d1\u05d9\u05ea","item":"https:\/\/www.jmc.org.il\/en\/"},{"@type":"ListItem","position":2,"name":"Hans_J\u00f8rgen_Jensen"}]}]}},"_links":{"self":[{"href":"https:\/\/www.jmc.org.il\/en\/wp-json\/wp\/v2\/pages\/34598","targetHints":{"allow":["GET"]}}],"collection":[{"href":"https:\/\/www.jmc.org.il\/en\/wp-json\/wp\/v2\/pages"}],"about":[{"href":"https:\/\/www.jmc.org.il\/en\/wp-json\/wp\/v2\/types\/page"}],"author":[{"embeddable":true,"href":"https:\/\/www.jmc.org.il\/en\/wp-json\/wp\/v2\/users\/1"}],"replies":[{"embeddable":true,"href":"https:\/\/www.jmc.org.il\/en\/wp-json\/wp\/v2\/comments?post=34598"}],"version-history":[{"count":1,"href":"https:\/\/www.jmc.org.il\/en\/wp-json\/wp\/v2\/pages\/34598\/revisions"}],"predecessor-version":[{"id":34599,"href":"https:\/\/www.jmc.org.il\/en\/wp-json\/wp\/v2\/pages\/34598\/revisions\/34599"}],"wp:attachment":[{"href":"https:\/\/www.jmc.org.il\/en\/wp-json\/wp\/v2\/media?parent=34598"}],"curies":[{"name":"wp","href":"https:\/\/api.w.org\/{rel}","templated":true}]}}