{"id":32578,"date":"2024-10-21T18:26:45","date_gmt":"2024-10-21T18:26:45","guid":{"rendered":"https:\/\/www.jmc.org.il\/david_grimal\/"},"modified":"2024-10-21T18:26:45","modified_gmt":"2024-10-21T18:26:45","slug":"david_grimal","status":"publish","type":"page","link":"https:\/\/www.jmc.org.il\/en\/david_grimal\/","title":{"rendered":"DAVID_GRIMAL"},"content":{"rendered":"\t\t<div data-elementor-type=\"wp-page\" data-elementor-id=\"32578\" class=\"elementor elementor-32578 elementor-32566\">\n\t\t\t\t\t\t<section class=\"elementor-section elementor-top-section elementor-element elementor-element-c5b3eb0 elementor-section-boxed elementor-section-height-default elementor-section-height-default\" data-id=\"c5b3eb0\" data-element_type=\"section\" data-e-type=\"section\">\n\t\t\t\t\t\t<div class=\"elementor-container elementor-column-gap-default\">\n\t\t\t\t\t<div class=\"elementor-column elementor-col-50 elementor-top-column elementor-element elementor-element-544a3a4\" data-id=\"544a3a4\" data-element_type=\"column\" data-e-type=\"column\">\n\t\t\t<div class=\"elementor-widget-wrap elementor-element-populated\">\n\t\t\t\t\t\t<div class=\"elementor-element elementor-element-2531796 elementor-widget elementor-widget-heading\" data-id=\"2531796\" data-element_type=\"widget\" data-e-type=\"widget\" data-widget_type=\"heading.default\">\n\t\t\t\t<div class=\"elementor-widget-container\">\n\t\t\t\t\t<h2 class=\"elementor-heading-title elementor-size-default\">David Grimal<\/h2>\t\t\t\t<\/div>\n\t\t\t\t<\/div>\n\t\t\t\t<div class=\"elementor-element elementor-element-6b6b883 elementor-widget elementor-widget-text-editor\" data-id=\"6b6b883\" data-element_type=\"widget\" data-e-type=\"widget\" data-widget_type=\"text-editor.default\">\n\t\t\t\t<div class=\"elementor-widget-container\">\n\t\t\t\t\t\t\t\t\t<p>A musician renowned for his intellectual curiosity, his taste for all kinds of musical adventures and his commitment to society, David Grimal regularly performs on the world\u2019s greatest stages: Tokyo\u2019s Suntory Hall, Philharmonie de Paris, Vienna\u2019s Musikverein, Amsterdam\u2019s Concertgebouw, Berlin\u2019s Konzerthaus, London\u2019s Wigmore Hall, Zurich\u2019s Tonhalle, New York\u2019s Lincoln Center, Moscow\u2019s Tchaikovsky Conservatory, Budapest\u2019s Liszt Academy, Geneva\u2019s Victoria Hall, Madrid\u2019s Auditorio Nacional, Th\u00e9\u00e2tre des Champs Elys\u00e9es, Taiwan\u2019s National Concert Hall, Brussels\u2019 Bozar\u2026<\/p>\n\t\t\t\t\t\t\t\t<\/div>\n\t\t\t\t<\/div>\n\t\t\t\t<div class=\"elementor-element elementor-element-087b2e8 elementor-widget elementor-widget-text-editor\" data-id=\"087b2e8\" data-element_type=\"widget\" data-e-type=\"widget\" data-widget_type=\"text-editor.default\">\n\t\t\t\t<div class=\"elementor-widget-container\">\n\t\t\t\t\t\t\t\t\t<p>David Grimal has collaborated as soloist with numerous orchestras such as the Orchestre de Paris, Orchestre Philharmonique de Radio France, Orchestre de Chambre d\u2019Europe, Berliner Symphoniker, Russian National Orchestra, New Japan Philharmonic, English Chamber Orchestra, Salzburg Mozarteum Orchestra, Jerusalem Symphony Orchestra, Prague Philharmonia, Gulbenkian Foundation Orchestra Lisbon, Sinfonia Varsovia. He has performed alongside conductors such as Christoph Eschenbach, Heinrich Schiff, Lawrence Foster, Emmanuel Krivine, Mikhail Pletnev, Rafael Fr\u00fchbeck de Burgos, Peter E\u00f6tv\u00f6s, Andriss Nelsons, Jukka Pekka Saraste, Christian Arming\u2026 <\/p>\n\t\t\t\t\t\t\t\t<\/div>\n\t\t\t\t<\/div>\n\t\t\t\t<div class=\"elementor-element elementor-element-f57cb52 elementor-widget elementor-widget-text-editor\" data-id=\"f57cb52\" data-element_type=\"widget\" data-e-type=\"widget\" data-widget_type=\"text-editor.default\">\n\t\t\t\t<div class=\"elementor-widget-container\">\n\t\t\t\t\t\t\t\t\t<p>Numerous composers have dedicated their works to him: Marc-Andr\u00e9 Dalbavie, Brice Pauset, Thierry Escaich, Lisa Lim, Jean-Fran\u00e7ois Zygel, Alexandre Gasparov, Victor Kissine, Fuminori Tanada, Ivan Fedele, Philippe Hersant, Anders Hillborg, Oscar Bianchi, Guillaume Connesson, Fr\u00e9d\u00e9ric Verri\u00e8res, Eric Montalbetti, Richard Dubugnon, Menachem Zur, Graciane Finzi\u2026<\/p>\n\t\t\t\t\t\t\t\t<\/div>\n\t\t\t\t<\/div>\n\t\t\t\t<div class=\"elementor-element elementor-element-9a452ec elementor-widget elementor-widget-text-editor\" data-id=\"9a452ec\" data-element_type=\"widget\" data-e-type=\"widget\" data-widget_type=\"text-editor.default\">\n\t\t\t\t<div class=\"elementor-widget-container\">\n\t\t\t\t\t\t\t\t\t<p>For 20 years, David Grimal has devoted part of his career to developing Les Dissonances, of which he is the founder and musical and artistic director. David Grimal has brought together musicians from some of Europe\u2019s finest orchestras, as well as many young talents at the start of their careers, to experience music as a rediscovered joy, tackling the great symphonic repertoire in the spirit of chamber music under his musical direction. The orchestra has been a regular guest on major European stages and international festivals. Films of concerts given by Les Dissonances have been broadcast in over 60 countries.   <\/p>\n\t\t\t\t\t\t\t\t<\/div>\n\t\t\t\t<\/div>\n\t\t\t\t<div class=\"elementor-element elementor-element-db530b1 elementor-widget elementor-widget-text-editor\" data-id=\"db530b1\" data-element_type=\"widget\" data-e-type=\"widget\" data-widget_type=\"text-editor.default\">\n\t\t\t\t<div class=\"elementor-widget-container\">\n\t\t\t\t\t\t\t\t\t<p>Today he works as soloist and conductor on the Dissonances model with numerous orchestras: Orchestre national de Lyon, Orchestre national de Strasbourg, Orchestre National de Lorraine, Sinfonica de Galicia, Budapesti Vonosok, Anima Chamber Orchestra, Cracovia, Bilbao, Moscow Chamber Orchestra, Radio Bucarest, Murcia, Taipei Symphony Orchestra, Neojiba, Kuopio, Sonderjylland, Trondheim, Enescu Philharmonic, Orchestre national de Lille\u2026<\/p>\n\t\t\t\t\t\t\t\t<\/div>\n\t\t\t\t<\/div>\n\t\t\t\t<div class=\"elementor-element elementor-element-9de897f elementor-widget elementor-widget-text-editor\" data-id=\"9de897f\" data-element_type=\"widget\" data-e-type=\"widget\" data-widget_type=\"text-editor.default\">\n\t\t\t\t<div class=\"elementor-widget-container\">\n\t\t\t\t\t\t\t\t\t<p>David Grimal has recorded for EMI, Harmonia Mundi, Aeon, Na\u00efve, Transart, Dissonances records and is currently recording for La Dolce Volta. His recordings have been acclaimed by the press: BBC choice, Choc de l\u2019ann\u00e9e Classica, Arte selection, ffff Telerama, diapason d\u2019or etc. A sought-after chamber musician, David Grimal is a guest at the greatest international festivals. Today, he regularly performs in piano trio with Philippe Cassard and Anne Gastinel, and in recital with pianists Itamar Golan and Ricardo Castro.   <\/p>\n\t\t\t\t\t\t\t\t<\/div>\n\t\t\t\t<\/div>\n\t\t\t\t<div class=\"elementor-element elementor-element-3687581 elementor-widget elementor-widget-text-editor\" data-id=\"3687581\" data-element_type=\"widget\" data-e-type=\"widget\" data-widget_type=\"text-editor.default\">\n\t\t\t\t<div class=\"elementor-widget-container\">\n\t\t\t\t\t\t\t\t\t<p>David Grimal, for whom the transmission of knowledge to young musicians has always been essential, created in 2022 the Lumi\u00e8res d\u2019Europe academy festival under the presidency of Serge Haroche, Nobel Prize winner in Physics. Lumi\u00e8res d\u2019Europe is aimed at talented young musicians at the start of their careers, who are invited to work and perform alongside international artists in concert. Leading scholars are invited to shed philosophical, literary, historical or scientific light on the themes addressed in each session.  <\/p>\n\t\t\t\t\t\t\t\t<\/div>\n\t\t\t\t<\/div>\n\t\t\t\t<div class=\"elementor-element elementor-element-a218480 elementor-widget elementor-widget-text-editor\" data-id=\"a218480\" data-element_type=\"widget\" data-e-type=\"widget\" data-widget_type=\"text-editor.default\">\n\t\t\t\t<div class=\"elementor-widget-container\">\n\t\t\t\t\t\t\t\t\t<p>Lumi\u00e8res d\u2019Europe takes place in several European capitals, in collaboration with major cultural institutions (Fondation Royaumont, Institut Weizmann, Jerusalem Music Center, Festival International Georges Enescu, Institut de France, Coll\u00e8ge de France\u2026) and contributes to the professional integration of young European musicians.<\/p>\n\t\t\t\t\t\t\t\t<\/div>\n\t\t\t\t<\/div>\n\t\t\t\t<div class=\"elementor-element elementor-element-b863e24 elementor-widget elementor-widget-text-editor\" data-id=\"b863e24\" data-element_type=\"widget\" data-e-type=\"widget\" data-widget_type=\"text-editor.default\">\n\t\t\t\t<div class=\"elementor-widget-container\">\n\t\t\t\t\t\t\t\t\t\n          <p>In 2004, David Grimal also created L\u2019Autre Saison: a season of concerts in aid of the homeless in Paris, now in partnership with ARTE, where the greatest artists have performed and which has enabled over 400 people to escape from extreme poverty. <\/p>\n          \n\n          <p><\/p>\n          \n\n          <p>David Grimal was made a Chevalier dans l\u2019Ordre des Arts et Lettres in 2008 by the French Ministry of Culture. A renowned pedagogue, David Grimal teaches violin at the Musikhochschule in Saarbr\u00fccken and at the Conservatoire National Sup\u00e9rieur de Musique in Paris, and is regularly invited to sit on juries at major international competitions and give masterclasses around the world. He plays the 1710 Ex-Roederer Stradivarius and the Don Quichotte built for him by Jacques Fustier. He plays bows by Louis Tourte, Dominique Peccatte and Pierre Grunberger, depending on the repertoire.   <\/p>\n        \t\t\t\t\t\t\t\t<\/div>\n\t\t\t\t<\/div>\n\t\t\t\t\t<\/div>\n\t\t<\/div>\n\t\t\t\t<div class=\"elementor-column elementor-col-50 elementor-top-column elementor-element elementor-element-4ba4764\" data-id=\"4ba4764\" data-element_type=\"column\" data-e-type=\"column\">\n\t\t\t<div class=\"elementor-widget-wrap elementor-element-populated\">\n\t\t\t\t\t\t<div class=\"elementor-element elementor-element-debdf61 elementor-widget elementor-widget-image\" data-id=\"debdf61\" data-element_type=\"widget\" data-e-type=\"widget\" data-widget_type=\"image.default\">\n\t\t\t\t<div class=\"elementor-widget-container\">\n\t\t\t\t\t\t\t\t\t\t\t\t\t\t\t<img fetchpriority=\"high\" decoding=\"async\" width=\"567\" height=\"600\" src=\"https:\/\/www.jmc.org.il\/wp-content\/uploads\/2024\/10\/grimal_large.jpg\" class=\"attachment-large size-large wp-image-32570\" alt=\"\" srcset=\"https:\/\/www.jmc.org.il\/wp-content\/uploads\/2024\/10\/grimal_large.jpg 567w, https:\/\/www.jmc.org.il\/wp-content\/uploads\/2024\/10\/grimal_large-284x300.jpg 284w\" sizes=\"(max-width: 567px) 100vw, 567px\" \/>\t\t\t\t\t\t\t\t\t\t\t\t\t\t\t<\/div>\n\t\t\t\t<\/div>\n\t\t\t\t\t<\/div>\n\t\t<\/div>\n\t\t\t\t\t<\/div>\n\t\t<\/section>\n\t\t\t\t<\/div>\n\t\t","protected":false},"excerpt":{"rendered":"<p>David Grimal A musician renowned for his intellectual curiosity, his taste for all kinds of musical adventures and his commitment to society, David Grimal regularly performs on the world\u2019s greatest stages: Tokyo\u2019s Suntory Hall, Philharmonie de Paris, Vienna\u2019s Musikverein, Amsterdam\u2019s Concertgebouw, Berlin\u2019s Konzerthaus, London\u2019s Wigmore Hall, Zurich\u2019s Tonhalle, New York\u2019s Lincoln Center, Moscow\u2019s Tchaikovsky Conservatory, [&hellip;]<\/p>\n","protected":false},"author":1,"featured_media":0,"parent":0,"menu_order":0,"comment_status":"closed","ping_status":"closed","template":"","meta":{"footnotes":""},"class_list":["post-32578","page","type-page","status-publish","hentry"],"yoast_head":"<!-- This site is optimized with the Yoast SEO Premium plugin v17.8 (Yoast SEO v17.8) - https:\/\/yoast.com\/wordpress\/plugins\/seo\/ -->\n<title>DAVID_GRIMAL - Jerusalem Music Centre<\/title>\n<meta name=\"robots\" content=\"index, follow, max-snippet:-1, max-image-preview:large, max-video-preview:-1\" \/>\n<link rel=\"canonical\" href=\"https:\/\/www.jmc.org.il\/en\/david_grimal\/\" \/>\n<meta property=\"og:locale\" content=\"en_US\" \/>\n<meta property=\"og:type\" content=\"article\" \/>\n<meta property=\"og:title\" content=\"DAVID_GRIMAL\" \/>\n<meta property=\"og:description\" content=\"David Grimal A musician renowned for his intellectual curiosity, his taste for all kinds of musical adventures and his commitment to society, David Grimal regularly performs on the world\u2019s greatest stages: Tokyo\u2019s Suntory Hall, Philharmonie de Paris, Vienna\u2019s Musikverein, Amsterdam\u2019s Concertgebouw, Berlin\u2019s Konzerthaus, London\u2019s Wigmore Hall, Zurich\u2019s Tonhalle, New York\u2019s Lincoln Center, Moscow\u2019s Tchaikovsky Conservatory, [&hellip;]\" \/>\n<meta property=\"og:url\" content=\"https:\/\/www.jmc.org.il\/en\/david_grimal\/\" \/>\n<meta property=\"og:site_name\" content=\"Jerusalem Music Centre\" \/>\n<meta property=\"article:publisher\" content=\"https:\/\/www.facebook.com\/jerusalem.music.centre\" \/>\n<meta property=\"og:image\" content=\"https:\/\/www.jmc.org.il\/wp-content\/uploads\/2024\/10\/grimal_large.jpg\" \/>\n<meta name=\"twitter:card\" content=\"summary_large_image\" \/>\n<meta name=\"twitter:label1\" content=\"Est. reading time\" \/>\n\t<meta name=\"twitter:data1\" content=\"4 minutes\" \/>\n<script type=\"application\/ld+json\" class=\"yoast-schema-graph\">{\"@context\":\"https:\/\/schema.org\",\"@graph\":[{\"@type\":\"WebSite\",\"@id\":\"https:\/\/www.jmc.org.il\/en\/#website\",\"url\":\"https:\/\/www.jmc.org.il\/en\/\",\"name\":\"Jerusalem Music Centre\",\"description\":\"Jerusalem Music Centre\",\"potentialAction\":[{\"@type\":\"SearchAction\",\"target\":{\"@type\":\"EntryPoint\",\"urlTemplate\":\"https:\/\/www.jmc.org.il\/en\/?s={search_term_string}\"},\"query-input\":\"required name=search_term_string\"}],\"inLanguage\":\"en-US\"},{\"@type\":\"ImageObject\",\"@id\":\"https:\/\/www.jmc.org.il\/en\/david_grimal\/#primaryimage\",\"inLanguage\":\"en-US\",\"url\":\"https:\/\/www.jmc.org.il\/wp-content\/uploads\/2024\/10\/grimal_large.jpg\",\"contentUrl\":\"https:\/\/www.jmc.org.il\/wp-content\/uploads\/2024\/10\/grimal_large.jpg\",\"width\":567,\"height\":600},{\"@type\":\"WebPage\",\"@id\":\"https:\/\/www.jmc.org.il\/en\/david_grimal\/#webpage\",\"url\":\"https:\/\/www.jmc.org.il\/en\/david_grimal\/\",\"name\":\"DAVID_GRIMAL - Jerusalem Music Centre\",\"isPartOf\":{\"@id\":\"https:\/\/www.jmc.org.il\/en\/#website\"},\"primaryImageOfPage\":{\"@id\":\"https:\/\/www.jmc.org.il\/en\/david_grimal\/#primaryimage\"},\"datePublished\":\"2024-10-21T18:26:45+00:00\",\"dateModified\":\"2024-10-21T18:26:45+00:00\",\"breadcrumb\":{\"@id\":\"https:\/\/www.jmc.org.il\/en\/david_grimal\/#breadcrumb\"},\"inLanguage\":\"en-US\",\"potentialAction\":[{\"@type\":\"ReadAction\",\"target\":[\"https:\/\/www.jmc.org.il\/en\/david_grimal\/\"]}]},{\"@type\":\"BreadcrumbList\",\"@id\":\"https:\/\/www.jmc.org.il\/en\/david_grimal\/#breadcrumb\",\"itemListElement\":[{\"@type\":\"ListItem\",\"position\":1,\"name\":\"\\u05d3\\u05e3 \\u05d4\\u05d1\\u05d9\\u05ea\",\"item\":\"https:\/\/www.jmc.org.il\/en\/\"},{\"@type\":\"ListItem\",\"position\":2,\"name\":\"DAVID_GRIMAL\"}]}]}<\/script>\n<!-- \/ Yoast SEO Premium plugin. -->","yoast_head_json":{"title":"DAVID_GRIMAL - Jerusalem Music Centre","robots":{"index":"index","follow":"follow","max-snippet":"max-snippet:-1","max-image-preview":"max-image-preview:large","max-video-preview":"max-video-preview:-1"},"canonical":"https:\/\/www.jmc.org.il\/en\/david_grimal\/","og_locale":"en_US","og_type":"article","og_title":"DAVID_GRIMAL","og_description":"David Grimal A musician renowned for his intellectual curiosity, his taste for all kinds of musical adventures and his commitment to society, David Grimal regularly performs on the world\u2019s greatest stages: Tokyo\u2019s Suntory Hall, Philharmonie de Paris, Vienna\u2019s Musikverein, Amsterdam\u2019s Concertgebouw, Berlin\u2019s Konzerthaus, London\u2019s Wigmore Hall, Zurich\u2019s Tonhalle, New York\u2019s Lincoln Center, Moscow\u2019s Tchaikovsky Conservatory, [&hellip;]","og_url":"https:\/\/www.jmc.org.il\/en\/david_grimal\/","og_site_name":"Jerusalem Music Centre","article_publisher":"https:\/\/www.facebook.com\/jerusalem.music.centre","og_image":[{"url":"https:\/\/www.jmc.org.il\/wp-content\/uploads\/2024\/10\/grimal_large.jpg"}],"twitter_card":"summary_large_image","twitter_misc":{"Est. reading time":"4 minutes"},"schema":{"@context":"https:\/\/schema.org","@graph":[{"@type":"WebSite","@id":"https:\/\/www.jmc.org.il\/en\/#website","url":"https:\/\/www.jmc.org.il\/en\/","name":"Jerusalem Music Centre","description":"Jerusalem Music Centre","potentialAction":[{"@type":"SearchAction","target":{"@type":"EntryPoint","urlTemplate":"https:\/\/www.jmc.org.il\/en\/?s={search_term_string}"},"query-input":"required name=search_term_string"}],"inLanguage":"en-US"},{"@type":"ImageObject","@id":"https:\/\/www.jmc.org.il\/en\/david_grimal\/#primaryimage","inLanguage":"en-US","url":"https:\/\/www.jmc.org.il\/wp-content\/uploads\/2024\/10\/grimal_large.jpg","contentUrl":"https:\/\/www.jmc.org.il\/wp-content\/uploads\/2024\/10\/grimal_large.jpg","width":567,"height":600},{"@type":"WebPage","@id":"https:\/\/www.jmc.org.il\/en\/david_grimal\/#webpage","url":"https:\/\/www.jmc.org.il\/en\/david_grimal\/","name":"DAVID_GRIMAL - Jerusalem Music Centre","isPartOf":{"@id":"https:\/\/www.jmc.org.il\/en\/#website"},"primaryImageOfPage":{"@id":"https:\/\/www.jmc.org.il\/en\/david_grimal\/#primaryimage"},"datePublished":"2024-10-21T18:26:45+00:00","dateModified":"2024-10-21T18:26:45+00:00","breadcrumb":{"@id":"https:\/\/www.jmc.org.il\/en\/david_grimal\/#breadcrumb"},"inLanguage":"en-US","potentialAction":[{"@type":"ReadAction","target":["https:\/\/www.jmc.org.il\/en\/david_grimal\/"]}]},{"@type":"BreadcrumbList","@id":"https:\/\/www.jmc.org.il\/en\/david_grimal\/#breadcrumb","itemListElement":[{"@type":"ListItem","position":1,"name":"\u05d3\u05e3 \u05d4\u05d1\u05d9\u05ea","item":"https:\/\/www.jmc.org.il\/en\/"},{"@type":"ListItem","position":2,"name":"DAVID_GRIMAL"}]}]}},"_links":{"self":[{"href":"https:\/\/www.jmc.org.il\/en\/wp-json\/wp\/v2\/pages\/32578","targetHints":{"allow":["GET"]}}],"collection":[{"href":"https:\/\/www.jmc.org.il\/en\/wp-json\/wp\/v2\/pages"}],"about":[{"href":"https:\/\/www.jmc.org.il\/en\/wp-json\/wp\/v2\/types\/page"}],"author":[{"embeddable":true,"href":"https:\/\/www.jmc.org.il\/en\/wp-json\/wp\/v2\/users\/1"}],"replies":[{"embeddable":true,"href":"https:\/\/www.jmc.org.il\/en\/wp-json\/wp\/v2\/comments?post=32578"}],"version-history":[{"count":1,"href":"https:\/\/www.jmc.org.il\/en\/wp-json\/wp\/v2\/pages\/32578\/revisions"}],"predecessor-version":[{"id":32579,"href":"https:\/\/www.jmc.org.il\/en\/wp-json\/wp\/v2\/pages\/32578\/revisions\/32579"}],"wp:attachment":[{"href":"https:\/\/www.jmc.org.il\/en\/wp-json\/wp\/v2\/media?parent=32578"}],"curies":[{"name":"wp","href":"https:\/\/api.w.org\/{rel}","templated":true}]}}