{"id":32564,"date":"2024-10-21T15:03:03","date_gmt":"2024-10-21T15:03:03","guid":{"rendered":"https:\/\/www.jmc.org.il\/gary_hoffman\/"},"modified":"2024-10-21T15:03:23","modified_gmt":"2024-10-21T15:03:23","slug":"gary_hoffman","status":"publish","type":"page","link":"https:\/\/www.jmc.org.il\/en\/gary_hoffman\/","title":{"rendered":"Gary_Hoffman"},"content":{"rendered":"\t\t<div data-elementor-type=\"wp-page\" data-elementor-id=\"32564\" class=\"elementor elementor-32564 elementor-32552\">\n\t\t\t\t\t\t<section class=\"elementor-section elementor-top-section elementor-element elementor-element-8a829d1 elementor-section-boxed elementor-section-height-default elementor-section-height-default\" data-id=\"8a829d1\" data-element_type=\"section\" data-e-type=\"section\">\n\t\t\t\t\t\t<div class=\"elementor-container elementor-column-gap-default\">\n\t\t\t\t\t<div class=\"elementor-column elementor-col-50 elementor-top-column elementor-element elementor-element-6c1c101\" data-id=\"6c1c101\" data-element_type=\"column\" data-e-type=\"column\">\n\t\t\t<div class=\"elementor-widget-wrap elementor-element-populated\">\n\t\t\t\t\t\t<div class=\"elementor-element elementor-element-eae9441 elementor-widget elementor-widget-heading\" data-id=\"eae9441\" data-element_type=\"widget\" data-e-type=\"widget\" data-widget_type=\"heading.default\">\n\t\t\t\t<div class=\"elementor-widget-container\">\n\t\t\t\t\t<h2 class=\"elementor-heading-title elementor-size-default\">Gary Hoffman<\/h2>\t\t\t\t<\/div>\n\t\t\t\t<\/div>\n\t\t\t\t<div class=\"elementor-element elementor-element-658cc1c elementor-widget elementor-widget-text-editor\" data-id=\"658cc1c\" data-element_type=\"widget\" data-e-type=\"widget\" data-widget_type=\"text-editor.default\">\n\t\t\t\t<div class=\"elementor-widget-container\">\n\t\t\t\t\t\t\t\t\t<p>Cellist Gary Hoffman gained international renown as the first North American to win the Rostropovich International Cello Competition in 1986. He has appeared as a soloist with the Chicago, London, Montr\u00e9al, Toronto, San Francisco, Baltimore, and National symphony orchestras; the English, Moscow, and Los Angeles chamber orchestras; Orchestre National de France; Orchestre de la Suisse Romande; the Netherlands and Rotterdam philharmonics; and the Cleveland and Philadelphia orchestras, among many others. He has collaborated with such celebrated conductors as Herbert Blomstedt, Andrew Davis, J\u00e9sus Lopez-Cobos, Kent Nagano, Andr\u00e9 Pr\u00e9vin, Mstislav Rostropovich, and Pinchas Zuckerman.  <\/p>\n\t\t\t\t\t\t\t\t<\/div>\n\t\t\t\t<\/div>\n\t\t\t\t<div class=\"elementor-element elementor-element-7a60ebe elementor-widget elementor-widget-text-editor\" data-id=\"7a60ebe\" data-element_type=\"widget\" data-e-type=\"widget\" data-widget_type=\"text-editor.default\">\n\t\t\t\t<div class=\"elementor-widget-container\">\n\t\t\t\t\t\t\t\t\t<p>Mr. Hoffman performs in major recital and chamber music series throughout the world, as well as at such prestigious festivals as Ravinia, Waterloo, Marlboro, Aspen, Bath, Evian, Vancouver, Verbier, Mostly Mozart, Prades, Santa Fe, Schleswig-Holstein, Stresa, Storioni, Hong Kong International, and Festival International de Colmar. Notable venues include Th\u00e9\u00e2tre du Ch\u00e2telet, Th\u00e9\u00e2tre des Champs Elys\u00e9es, the Royal Concertgebouw, and the Kennedy Center. He is a frequent guest performer with the Emerson, Tokyo, Borromeo, Brentano, and Ysa\u00ffe string quartets; as well as the Chamber Music Society of Lincoln Center. He has premiered the concertos of Laurent Petitgirard, Joel Hoffman, Renaud Gagneux, Gil Shohat, Graciane Finzi, and Dominique Lema\u00eetre; and performed the French premiere of Elliott Carter\u2019s Cello Concerto.   <\/p>\n\t\t\t\t\t\t\t\t<\/div>\n\t\t\t\t<\/div>\n\t\t\t\t<div class=\"elementor-element elementor-element-464c76b elementor-widget elementor-widget-text-editor\" data-id=\"464c76b\" data-element_type=\"widget\" data-e-type=\"widget\" data-widget_type=\"text-editor.default\">\n\t\t\t\t<div class=\"elementor-widget-container\">\n\t\t\t\t\t\t\t\t\t<p>Hailing from Vancouver, Canada, Mr. Hoffman was the youngest faculty appointee in the history of Indiana University\u2019s Jacobs School of Music, where he served for eight years. He leads master classes around the world including appearances at the Ravinia Festival, Manchester International Cello Festival, Mozarteum University Salzburg, and the Kronberg Academy, where he is also closely involved with the institution\u2019s festival and Academy Master program. <\/p>\n\t\t\t\t\t\t\t\t<\/div>\n\t\t\t\t<\/div>\n\t\t\t\t<div class=\"elementor-element elementor-element-5f0fe0c elementor-widget elementor-widget-text-editor\" data-id=\"5f0fe0c\" data-element_type=\"widget\" data-e-type=\"widget\" data-widget_type=\"text-editor.default\">\n\t\t\t\t<div class=\"elementor-widget-container\">\n\t\t\t\t\t\t\t\t\t<p>Residing in Paris, Mr. Hoffman is an active recording artist with the BMG (RCA), Sony, EMI, and Le Chant du Monde labels. He performs on a 1662 Nicolo Amati, the \u201cex-Leonard Rose.\u201d <\/p>\n<p>Mr. Hoffman joined the Curtis Institute of Music faculty in 2021. He also serves as master in residence for cello at the Queen Elisabeth Music Chapel in Brussels. <\/p>\n\t\t\t\t\t\t\t\t<\/div>\n\t\t\t\t<\/div>\n\t\t\t\t\t<\/div>\n\t\t<\/div>\n\t\t\t\t<div class=\"elementor-column elementor-col-50 elementor-top-column elementor-element elementor-element-84bda17\" data-id=\"84bda17\" data-element_type=\"column\" data-e-type=\"column\">\n\t\t\t<div class=\"elementor-widget-wrap elementor-element-populated\">\n\t\t\t\t\t\t<div class=\"elementor-element elementor-element-9ee232f elementor-widget elementor-widget-image\" data-id=\"9ee232f\" data-element_type=\"widget\" data-e-type=\"widget\" data-widget_type=\"image.default\">\n\t\t\t\t<div class=\"elementor-widget-container\">\n\t\t\t\t\t\t\t\t\t\t\t\t\t\t\t<img fetchpriority=\"high\" decoding=\"async\" width=\"800\" height=\"765\" src=\"https:\/\/www.jmc.org.il\/wp-content\/uploads\/2024\/10\/hoffman_large.jpg\" class=\"attachment-large size-large wp-image-32559\" alt=\"\" srcset=\"https:\/\/www.jmc.org.il\/wp-content\/uploads\/2024\/10\/hoffman_large.jpg 1024w, https:\/\/www.jmc.org.il\/wp-content\/uploads\/2024\/10\/hoffman_large-300x287.jpg 300w, https:\/\/www.jmc.org.il\/wp-content\/uploads\/2024\/10\/hoffman_large-768x734.jpg 768w\" sizes=\"(max-width: 800px) 100vw, 800px\" \/>\t\t\t\t\t\t\t\t\t\t\t\t\t\t\t<\/div>\n\t\t\t\t<\/div>\n\t\t\t\t\t<\/div>\n\t\t<\/div>\n\t\t\t\t\t<\/div>\n\t\t<\/section>\n\t\t\t\t<\/div>\n\t\t","protected":false},"excerpt":{"rendered":"<p>Gary Hoffman Cellist Gary Hoffman gained international renown as the first North American to win the Rostropovich International Cello Competition in 1986. He has appeared as a soloist with the Chicago, London, Montr\u00e9al, Toronto, San Francisco, Baltimore, and National symphony orchestras; the English, Moscow, and Los Angeles chamber orchestras; Orchestre National de France; Orchestre de [&hellip;]<\/p>\n","protected":false},"author":1,"featured_media":0,"parent":0,"menu_order":0,"comment_status":"closed","ping_status":"closed","template":"","meta":{"footnotes":""},"class_list":["post-32564","page","type-page","status-publish","hentry"],"yoast_head":"<!-- This site is optimized with the Yoast SEO Premium plugin v17.8 (Yoast SEO v17.8) - https:\/\/yoast.com\/wordpress\/plugins\/seo\/ -->\n<title>Gary_Hoffman - Jerusalem Music Centre<\/title>\n<meta name=\"robots\" content=\"index, follow, max-snippet:-1, max-image-preview:large, max-video-preview:-1\" \/>\n<link rel=\"canonical\" href=\"https:\/\/www.jmc.org.il\/en\/gary_hoffman\/\" \/>\n<meta property=\"og:locale\" content=\"en_US\" \/>\n<meta property=\"og:type\" content=\"article\" \/>\n<meta property=\"og:title\" content=\"Gary_Hoffman\" \/>\n<meta property=\"og:description\" content=\"Gary Hoffman Cellist Gary Hoffman gained international renown as the first North American to win the Rostropovich International Cello Competition in 1986. He has appeared as a soloist with the Chicago, London, Montr\u00e9al, Toronto, San Francisco, Baltimore, and National symphony orchestras; the English, Moscow, and Los Angeles chamber orchestras; Orchestre National de France; Orchestre de [&hellip;]\" \/>\n<meta property=\"og:url\" content=\"https:\/\/www.jmc.org.il\/en\/gary_hoffman\/\" \/>\n<meta property=\"og:site_name\" content=\"Jerusalem Music Centre\" \/>\n<meta property=\"article:publisher\" content=\"https:\/\/www.facebook.com\/jerusalem.music.centre\" \/>\n<meta property=\"article:modified_time\" content=\"2024-10-21T15:03:23+00:00\" \/>\n<meta property=\"og:image\" content=\"https:\/\/www.jmc.org.il\/wp-content\/uploads\/2024\/10\/hoffman_large.jpg\" \/>\n<meta name=\"twitter:card\" content=\"summary_large_image\" \/>\n<meta name=\"twitter:label1\" content=\"Est. reading time\" \/>\n\t<meta name=\"twitter:data1\" content=\"2 minutes\" \/>\n<script type=\"application\/ld+json\" class=\"yoast-schema-graph\">{\"@context\":\"https:\/\/schema.org\",\"@graph\":[{\"@type\":\"WebSite\",\"@id\":\"https:\/\/www.jmc.org.il\/en\/#website\",\"url\":\"https:\/\/www.jmc.org.il\/en\/\",\"name\":\"Jerusalem Music Centre\",\"description\":\"Jerusalem Music Centre\",\"potentialAction\":[{\"@type\":\"SearchAction\",\"target\":{\"@type\":\"EntryPoint\",\"urlTemplate\":\"https:\/\/www.jmc.org.il\/en\/?s={search_term_string}\"},\"query-input\":\"required name=search_term_string\"}],\"inLanguage\":\"en-US\"},{\"@type\":\"ImageObject\",\"@id\":\"https:\/\/www.jmc.org.il\/en\/gary_hoffman\/#primaryimage\",\"inLanguage\":\"en-US\",\"url\":\"https:\/\/www.jmc.org.il\/wp-content\/uploads\/2024\/10\/hoffman_large.jpg\",\"contentUrl\":\"https:\/\/www.jmc.org.il\/wp-content\/uploads\/2024\/10\/hoffman_large.jpg\",\"width\":1024,\"height\":979},{\"@type\":\"WebPage\",\"@id\":\"https:\/\/www.jmc.org.il\/en\/gary_hoffman\/#webpage\",\"url\":\"https:\/\/www.jmc.org.il\/en\/gary_hoffman\/\",\"name\":\"Gary_Hoffman - Jerusalem Music Centre\",\"isPartOf\":{\"@id\":\"https:\/\/www.jmc.org.il\/en\/#website\"},\"primaryImageOfPage\":{\"@id\":\"https:\/\/www.jmc.org.il\/en\/gary_hoffman\/#primaryimage\"},\"datePublished\":\"2024-10-21T15:03:03+00:00\",\"dateModified\":\"2024-10-21T15:03:23+00:00\",\"breadcrumb\":{\"@id\":\"https:\/\/www.jmc.org.il\/en\/gary_hoffman\/#breadcrumb\"},\"inLanguage\":\"en-US\",\"potentialAction\":[{\"@type\":\"ReadAction\",\"target\":[\"https:\/\/www.jmc.org.il\/en\/gary_hoffman\/\"]}]},{\"@type\":\"BreadcrumbList\",\"@id\":\"https:\/\/www.jmc.org.il\/en\/gary_hoffman\/#breadcrumb\",\"itemListElement\":[{\"@type\":\"ListItem\",\"position\":1,\"name\":\"\\u05d3\\u05e3 \\u05d4\\u05d1\\u05d9\\u05ea\",\"item\":\"https:\/\/www.jmc.org.il\/en\/\"},{\"@type\":\"ListItem\",\"position\":2,\"name\":\"Gary_Hoffman\"}]}]}<\/script>\n<!-- \/ Yoast SEO Premium plugin. -->","yoast_head_json":{"title":"Gary_Hoffman - Jerusalem Music Centre","robots":{"index":"index","follow":"follow","max-snippet":"max-snippet:-1","max-image-preview":"max-image-preview:large","max-video-preview":"max-video-preview:-1"},"canonical":"https:\/\/www.jmc.org.il\/en\/gary_hoffman\/","og_locale":"en_US","og_type":"article","og_title":"Gary_Hoffman","og_description":"Gary Hoffman Cellist Gary Hoffman gained international renown as the first North American to win the Rostropovich International Cello Competition in 1986. He has appeared as a soloist with the Chicago, London, Montr\u00e9al, Toronto, San Francisco, Baltimore, and National symphony orchestras; the English, Moscow, and Los Angeles chamber orchestras; Orchestre National de France; Orchestre de [&hellip;]","og_url":"https:\/\/www.jmc.org.il\/en\/gary_hoffman\/","og_site_name":"Jerusalem Music Centre","article_publisher":"https:\/\/www.facebook.com\/jerusalem.music.centre","article_modified_time":"2024-10-21T15:03:23+00:00","og_image":[{"url":"https:\/\/www.jmc.org.il\/wp-content\/uploads\/2024\/10\/hoffman_large.jpg"}],"twitter_card":"summary_large_image","twitter_misc":{"Est. reading time":"2 minutes"},"schema":{"@context":"https:\/\/schema.org","@graph":[{"@type":"WebSite","@id":"https:\/\/www.jmc.org.il\/en\/#website","url":"https:\/\/www.jmc.org.il\/en\/","name":"Jerusalem Music Centre","description":"Jerusalem Music Centre","potentialAction":[{"@type":"SearchAction","target":{"@type":"EntryPoint","urlTemplate":"https:\/\/www.jmc.org.il\/en\/?s={search_term_string}"},"query-input":"required name=search_term_string"}],"inLanguage":"en-US"},{"@type":"ImageObject","@id":"https:\/\/www.jmc.org.il\/en\/gary_hoffman\/#primaryimage","inLanguage":"en-US","url":"https:\/\/www.jmc.org.il\/wp-content\/uploads\/2024\/10\/hoffman_large.jpg","contentUrl":"https:\/\/www.jmc.org.il\/wp-content\/uploads\/2024\/10\/hoffman_large.jpg","width":1024,"height":979},{"@type":"WebPage","@id":"https:\/\/www.jmc.org.il\/en\/gary_hoffman\/#webpage","url":"https:\/\/www.jmc.org.il\/en\/gary_hoffman\/","name":"Gary_Hoffman - Jerusalem Music Centre","isPartOf":{"@id":"https:\/\/www.jmc.org.il\/en\/#website"},"primaryImageOfPage":{"@id":"https:\/\/www.jmc.org.il\/en\/gary_hoffman\/#primaryimage"},"datePublished":"2024-10-21T15:03:03+00:00","dateModified":"2024-10-21T15:03:23+00:00","breadcrumb":{"@id":"https:\/\/www.jmc.org.il\/en\/gary_hoffman\/#breadcrumb"},"inLanguage":"en-US","potentialAction":[{"@type":"ReadAction","target":["https:\/\/www.jmc.org.il\/en\/gary_hoffman\/"]}]},{"@type":"BreadcrumbList","@id":"https:\/\/www.jmc.org.il\/en\/gary_hoffman\/#breadcrumb","itemListElement":[{"@type":"ListItem","position":1,"name":"\u05d3\u05e3 \u05d4\u05d1\u05d9\u05ea","item":"https:\/\/www.jmc.org.il\/en\/"},{"@type":"ListItem","position":2,"name":"Gary_Hoffman"}]}]}},"_links":{"self":[{"href":"https:\/\/www.jmc.org.il\/en\/wp-json\/wp\/v2\/pages\/32564","targetHints":{"allow":["GET"]}}],"collection":[{"href":"https:\/\/www.jmc.org.il\/en\/wp-json\/wp\/v2\/pages"}],"about":[{"href":"https:\/\/www.jmc.org.il\/en\/wp-json\/wp\/v2\/types\/page"}],"author":[{"embeddable":true,"href":"https:\/\/www.jmc.org.il\/en\/wp-json\/wp\/v2\/users\/1"}],"replies":[{"embeddable":true,"href":"https:\/\/www.jmc.org.il\/en\/wp-json\/wp\/v2\/comments?post=32564"}],"version-history":[{"count":1,"href":"https:\/\/www.jmc.org.il\/en\/wp-json\/wp\/v2\/pages\/32564\/revisions"}],"predecessor-version":[{"id":32565,"href":"https:\/\/www.jmc.org.il\/en\/wp-json\/wp\/v2\/pages\/32564\/revisions\/32565"}],"wp:attachment":[{"href":"https:\/\/www.jmc.org.il\/en\/wp-json\/wp\/v2\/media?parent=32564"}],"curies":[{"name":"wp","href":"https:\/\/api.w.org\/{rel}","templated":true}]}}