{"id":32003,"date":"2024-09-24T09:45:53","date_gmt":"2024-09-24T09:45:53","guid":{"rendered":"https:\/\/www.jmc.org.il\/natanel-laevsky\/"},"modified":"2025-01-01T10:13:33","modified_gmt":"2025-01-01T10:13:33","slug":"natanel-laevsky","status":"publish","type":"page","link":"https:\/\/www.jmc.org.il\/en\/natanel-laevsky\/","title":{"rendered":"Natanel-Laevsky"},"content":{"rendered":"\t\t<div data-elementor-type=\"wp-page\" data-elementor-id=\"32003\" class=\"elementor elementor-32003 elementor-31992\">\n\t\t\t\t\t\t<section class=\"elementor-section elementor-top-section elementor-element elementor-element-a9e5c72 elementor-section-boxed elementor-section-height-default elementor-section-height-default\" data-id=\"a9e5c72\" data-element_type=\"section\" data-e-type=\"section\">\n\t\t\t\t\t\t<div class=\"elementor-container elementor-column-gap-default\">\n\t\t\t\t\t<div class=\"elementor-column elementor-col-50 elementor-top-column elementor-element elementor-element-f9f1c3d\" data-id=\"f9f1c3d\" data-element_type=\"column\" data-e-type=\"column\">\n\t\t\t<div class=\"elementor-widget-wrap elementor-element-populated\">\n\t\t\t\t\t\t<div class=\"elementor-element elementor-element-b125abc elementor-widget elementor-widget-heading\" data-id=\"b125abc\" data-element_type=\"widget\" data-e-type=\"widget\" data-widget_type=\"heading.default\">\n\t\t\t\t<div class=\"elementor-widget-container\">\n\t\t\t\t\t<h5 class=\"elementor-heading-title elementor-size-default\"><a href=\"https:\/\/www.jmc.org.il\/en\/youth_at_the_centre\/\">Youth at the centre concert series<\/a><\/h5>\t\t\t\t<\/div>\n\t\t\t\t<\/div>\n\t\t\t\t<div class=\"elementor-element elementor-element-44d2881 elementor-widget elementor-widget-heading\" data-id=\"44d2881\" data-element_type=\"widget\" data-e-type=\"widget\" data-widget_type=\"heading.default\">\n\t\t\t\t<div class=\"elementor-widget-container\">\n\t\t\t\t\t<h1 class=\"elementor-heading-title elementor-size-default\">Nathaniel Laevsky and Lior Lifshitz - viola and piano\n<\/h1>\t\t\t\t<\/div>\n\t\t\t\t<\/div>\n\t\t\t\t<div class=\"elementor-element elementor-element-5064474 elementor-widget elementor-widget-heading\" data-id=\"5064474\" data-element_type=\"widget\" data-e-type=\"widget\" data-widget_type=\"heading.default\">\n\t\t\t\t<div class=\"elementor-widget-container\">\n\t\t\t\t\t<h5 class=\"elementor-heading-title elementor-size-default\">Friday | 22\/11\/2024 | 12:00 | Jerusalem Music Centre\n<\/h5>\t\t\t\t<\/div>\n\t\t\t\t<\/div>\n\t\t\t\t<div class=\"elementor-element elementor-element-79ac10d elementor-widget-divider--view-line_icon elementor-view-default elementor-widget-divider--element-align-center elementor-widget elementor-widget-divider\" data-id=\"79ac10d\" data-element_type=\"widget\" data-e-type=\"widget\" data-widget_type=\"divider.default\">\n\t\t\t\t<div class=\"elementor-widget-container\">\n\t\t\t\t\t\t\t<div class=\"elementor-divider\">\n\t\t\t<span class=\"elementor-divider-separator\">\n\t\t\t\t\t\t\t<div class=\"elementor-icon elementor-divider__element\">\n\t\t\t\t\t<i aria-hidden=\"true\" class=\"fas fa-stop-circle\"><\/i><\/div>\n\t\t\t\t\t\t<\/span>\n\t\t<\/div>\n\t\t\t\t\t\t<\/div>\n\t\t\t\t<\/div>\n\t\t\t\t<div class=\"elementor-element elementor-element-2439d01 elementor-widget elementor-widget-text-editor\" data-id=\"2439d01\" data-element_type=\"widget\" data-e-type=\"widget\" data-widget_type=\"text-editor.default\">\n\t\t\t\t<div class=\"elementor-widget-container\">\n\t\t\t\t\t\t\t\t\t<p>Nathaniel Laevsky: viola<\/p>\n<p>Lior Lifshitz: piano<\/p>\t\t\t\t\t\t\t\t<\/div>\n\t\t\t\t<\/div>\n\t\t\t\t<div class=\"elementor-element elementor-element-43acd23 elementor-widget-divider--view-line_icon elementor-view-default elementor-widget-divider--element-align-center elementor-widget elementor-widget-divider\" data-id=\"43acd23\" data-element_type=\"widget\" data-e-type=\"widget\" data-widget_type=\"divider.default\">\n\t\t\t\t<div class=\"elementor-widget-container\">\n\t\t\t\t\t\t\t<div class=\"elementor-divider\">\n\t\t\t<span class=\"elementor-divider-separator\">\n\t\t\t\t\t\t\t<div class=\"elementor-icon elementor-divider__element\">\n\t\t\t\t\t<i aria-hidden=\"true\" class=\"fas fa-stop-circle\"><\/i><\/div>\n\t\t\t\t\t\t<\/span>\n\t\t<\/div>\n\t\t\t\t\t\t<\/div>\n\t\t\t\t<\/div>\n\t\t\t\t<div class=\"elementor-element elementor-element-a1823b8 elementor-widget elementor-widget-text-editor\" data-id=\"a1823b8\" data-element_type=\"widget\" data-e-type=\"widget\" data-widget_type=\"text-editor.default\">\n\t\t\t\t<div class=\"elementor-widget-container\">\n\t\t\t\t\t\t\t\t\t<p>Bach: Sonata for viola da gamba and keyboard in G minor<\/p>\n<p>Shostakovich: Sonata for viola and piano<\/p>\n<p>\u00d6d\u00f6n P\u00e1rtos: Yizkor<\/p>\n<p>Schumann: Three Romances Op. 94<\/p>\n\t\t\t\t\t\t\t\t<\/div>\n\t\t\t\t<\/div>\n\t\t\t\t<section class=\"elementor-section elementor-inner-section elementor-element elementor-element-d4880a6 elementor-section-boxed elementor-section-height-default elementor-section-height-default\" data-id=\"d4880a6\" data-element_type=\"section\" data-e-type=\"section\">\n\t\t\t\t\t\t<div class=\"elementor-container elementor-column-gap-default\">\n\t\t\t\t\t<div class=\"elementor-column elementor-col-100 elementor-inner-column elementor-element elementor-element-1a1746d\" data-id=\"1a1746d\" data-element_type=\"column\" data-e-type=\"column\">\n\t\t\t<div class=\"elementor-widget-wrap elementor-element-populated\">\n\t\t\t\t\t\t<div class=\"elementor-element elementor-element-a41ce2d elementor-align-justify elementor-mobile-align-justify elementor-widget elementor-widget-button\" data-id=\"a41ce2d\" data-element_type=\"widget\" data-e-type=\"widget\" data-widget_type=\"button.default\">\n\t\t\t\t<div class=\"elementor-widget-container\">\n\t\t\t\t\t\t\t\t\t<div class=\"elementor-button-wrapper\">\n\t\t\t\t\t<a class=\"elementor-button elementor-button-link elementor-size-sm\" href=\"https:\/\/jmc.pres.global\/order\/560\">\n\t\t\t\t\t\t<span class=\"elementor-button-content-wrapper\">\n\t\t\t\t\t\t\t\t\t<span class=\"elementor-button-text\">Order tickets<\/span>\n\t\t\t\t\t<\/span>\n\t\t\t\t\t<\/a>\n\t\t\t\t<\/div>\n\t\t\t\t\t\t\t\t<\/div>\n\t\t\t\t<\/div>\n\t\t\t\t<div class=\"elementor-element elementor-element-a8432a2 elementor-widget elementor-widget-text-editor\" data-id=\"a8432a2\" data-element_type=\"widget\" data-e-type=\"widget\" data-widget_type=\"text-editor.default\">\n\t\t\t\t<div class=\"elementor-widget-container\">\n\t\t\t\t\t\t\t\t\t<p>Admission is free subject to advance reservation.<\/p>\n\t\t\t\t\t\t\t\t<\/div>\n\t\t\t\t<\/div>\n\t\t\t\t<div class=\"elementor-element elementor-element-4e8d8c8 elementor-widget__width-auto elementor-share-buttons--view-icon-text elementor-share-buttons--skin-gradient elementor-share-buttons--shape-square elementor-grid-0 elementor-share-buttons--color-official elementor-widget elementor-widget-share-buttons\" data-id=\"4e8d8c8\" data-element_type=\"widget\" data-e-type=\"widget\" data-widget_type=\"share-buttons.default\">\n\t\t\t\t<div class=\"elementor-widget-container\">\n\t\t\t\t\t\t\t<div class=\"elementor-grid\">\n\t\t\t\t\t\t\t\t<div class=\"elementor-grid-item\">\n\t\t\t\t\t\t<div class=\"elementor-share-btn elementor-share-btn_facebook\">\n\t\t\t\t\t\t\t\t\t\t\t\t\t\t\t<span class=\"elementor-share-btn__icon\">\n\t\t\t\t\t\t\t\t<i class=\"fab fa-facebook\" aria-hidden=\"true\"><\/i>\t\t\t\t\t\t\t\t<span\n\t\t\t\t\t\t\t\t\tclass=\"elementor-screen-only\">Share on facebook<\/span>\n\t\t\t\t\t\t\t<\/span>\n\t\t\t\t\t\t\t\t\t\t\t\t\t\t\t\t\t\t\t\t<\/div>\n\t\t\t\t\t<\/div>\n\t\t\t\t\t\t\t\t\t<div class=\"elementor-grid-item\">\n\t\t\t\t\t\t<div class=\"elementor-share-btn elementor-share-btn_twitter\">\n\t\t\t\t\t\t\t\t\t\t\t\t\t\t\t<span class=\"elementor-share-btn__icon\">\n\t\t\t\t\t\t\t\t<i class=\"fab fa-twitter\" aria-hidden=\"true\"><\/i>\t\t\t\t\t\t\t\t<span\n\t\t\t\t\t\t\t\t\tclass=\"elementor-screen-only\">Share on twitter<\/span>\n\t\t\t\t\t\t\t<\/span>\n\t\t\t\t\t\t\t\t\t\t\t\t\t\t\t\t\t\t\t\t<\/div>\n\t\t\t\t\t<\/div>\n\t\t\t\t\t\t\t\t\t<div class=\"elementor-grid-item\">\n\t\t\t\t\t\t<div class=\"elementor-share-btn elementor-share-btn_whatsapp\">\n\t\t\t\t\t\t\t\t\t\t\t\t\t\t\t<span class=\"elementor-share-btn__icon\">\n\t\t\t\t\t\t\t\t<i class=\"fab fa-whatsapp\" aria-hidden=\"true\"><\/i>\t\t\t\t\t\t\t\t<span\n\t\t\t\t\t\t\t\t\tclass=\"elementor-screen-only\">Share on whatsapp<\/span>\n\t\t\t\t\t\t\t<\/span>\n\t\t\t\t\t\t\t\t\t\t\t\t\t\t\t\t\t\t\t\t<\/div>\n\t\t\t\t\t<\/div>\n\t\t\t\t\t\t\t\t\t<div class=\"elementor-grid-item\">\n\t\t\t\t\t\t<div class=\"elementor-share-btn elementor-share-btn_email\">\n\t\t\t\t\t\t\t\t\t\t\t\t\t\t\t<span class=\"elementor-share-btn__icon\">\n\t\t\t\t\t\t\t\t<i class=\"fas fa-envelope\" aria-hidden=\"true\"><\/i>\t\t\t\t\t\t\t\t<span\n\t\t\t\t\t\t\t\t\tclass=\"elementor-screen-only\">Share on email<\/span>\n\t\t\t\t\t\t\t<\/span>\n\t\t\t\t\t\t\t\t\t\t\t\t\t\t\t\t\t\t\t\t<\/div>\n\t\t\t\t\t<\/div>\n\t\t\t\t\t\t<\/div>\n\t\t\t\t\t\t<\/div>\n\t\t\t\t<\/div>\n\t\t\t\t\t<\/div>\n\t\t<\/div>\n\t\t\t\t\t<\/div>\n\t\t<\/section>\n\t\t\t\t<section class=\"elementor-section elementor-inner-section elementor-element elementor-element-c6b6004 elementor-section-boxed elementor-section-height-default elementor-section-height-default\" data-id=\"c6b6004\" data-element_type=\"section\" data-e-type=\"section\">\n\t\t\t\t\t\t<div class=\"elementor-container elementor-column-gap-default\">\n\t\t\t\t\t<div class=\"elementor-column elementor-col-100 elementor-inner-column elementor-element elementor-element-2945e54\" data-id=\"2945e54\" data-element_type=\"column\" data-e-type=\"column\">\n\t\t\t<div class=\"elementor-widget-wrap\">\n\t\t\t\t\t\t\t<\/div>\n\t\t<\/div>\n\t\t\t\t\t<\/div>\n\t\t<\/section>\n\t\t\t\t\t<\/div>\n\t\t<\/div>\n\t\t\t\t<div class=\"elementor-column elementor-col-50 elementor-top-column elementor-element elementor-element-da57ccf\" data-id=\"da57ccf\" data-element_type=\"column\" data-e-type=\"column\">\n\t\t\t<div class=\"elementor-widget-wrap elementor-element-populated\">\n\t\t\t\t\t\t<div class=\"elementor-element elementor-element-a0a9de8 elementor-widget elementor-widget-image\" data-id=\"a0a9de8\" data-element_type=\"widget\" data-e-type=\"widget\" data-widget_type=\"image.default\">\n\t\t\t\t<div class=\"elementor-widget-container\">\n\t\t\t\t\t\t\t\t\t\t\t\t\t\t\t<img fetchpriority=\"high\" decoding=\"async\" width=\"627\" height=\"627\" src=\"https:\/\/www.jmc.org.il\/wp-content\/uploads\/2025\/01\/Natanel_LAEVSKY.jpeg\" class=\"attachment-large size-large wp-image-33825\" alt=\"\" srcset=\"https:\/\/www.jmc.org.il\/wp-content\/uploads\/2025\/01\/Natanel_LAEVSKY.jpeg 627w, https:\/\/www.jmc.org.il\/wp-content\/uploads\/2025\/01\/Natanel_LAEVSKY-300x300.jpeg 300w, https:\/\/www.jmc.org.il\/wp-content\/uploads\/2025\/01\/Natanel_LAEVSKY-150x150.jpeg 150w\" sizes=\"(max-width: 627px) 100vw, 627px\" \/>\t\t\t\t\t\t\t\t\t\t\t\t\t\t\t<\/div>\n\t\t\t\t<\/div>\n\t\t\t\t<div class=\"elementor-element elementor-element-232082e elementor-widget elementor-widget-image\" data-id=\"232082e\" data-element_type=\"widget\" data-e-type=\"widget\" data-widget_type=\"image.default\">\n\t\t\t\t<div class=\"elementor-widget-container\">\n\t\t\t\t\t\t\t\t\t\t\t\t\t\t\t<img decoding=\"async\" width=\"800\" height=\"801\" src=\"https:\/\/www.jmc.org.il\/wp-content\/uploads\/2024\/09\/lior_lifshitz.jpg\" class=\"attachment-large size-large wp-image-32315\" alt=\"\" srcset=\"https:\/\/www.jmc.org.il\/wp-content\/uploads\/2024\/09\/lior_lifshitz.jpg 959w, https:\/\/www.jmc.org.il\/wp-content\/uploads\/2024\/09\/lior_lifshitz-300x300.jpg 300w, https:\/\/www.jmc.org.il\/wp-content\/uploads\/2024\/09\/lior_lifshitz-150x150.jpg 150w, https:\/\/www.jmc.org.il\/wp-content\/uploads\/2024\/09\/lior_lifshitz-768x769.jpg 768w\" sizes=\"(max-width: 800px) 100vw, 800px\" \/>\t\t\t\t\t\t\t\t\t\t\t\t\t\t\t<\/div>\n\t\t\t\t<\/div>\n\t\t\t\t\t<\/div>\n\t\t<\/div>\n\t\t\t\t\t<\/div>\n\t\t<\/section>\n\t\t\t\t<\/div>\n\t\t","protected":false},"excerpt":{"rendered":"<p>Youth at the centre concert series Nathaniel Laevsky and Lior Lifshitz &#8211; viola and piano Friday | 22\/11\/2024 | 12:00 | Jerusalem Music Centre Nathaniel Laevsky: viola Lior Lifshitz: piano Bach: Sonata for viola da gamba and keyboard in G minor Shostakovich: Sonata for viola and piano \u00d6d\u00f6n P\u00e1rtos: Yizkor Schumann: Three Romances Op. 94 [&hellip;]<\/p>\n","protected":false},"author":1,"featured_media":0,"parent":0,"menu_order":0,"comment_status":"closed","ping_status":"closed","template":"","meta":{"footnotes":""},"class_list":["post-32003","page","type-page","status-publish","hentry"],"yoast_head":"<!-- This site is optimized with the Yoast SEO Premium plugin v17.8 (Yoast SEO v17.8) - https:\/\/yoast.com\/wordpress\/plugins\/seo\/ -->\n<title>Natanel-Laevsky - Jerusalem Music Centre<\/title>\n<meta name=\"robots\" content=\"index, follow, max-snippet:-1, max-image-preview:large, max-video-preview:-1\" \/>\n<link rel=\"canonical\" href=\"https:\/\/www.jmc.org.il\/en\/natanel-laevsky\/\" \/>\n<meta property=\"og:locale\" content=\"en_US\" \/>\n<meta property=\"og:type\" content=\"article\" \/>\n<meta property=\"og:title\" content=\"Natanel-Laevsky\" \/>\n<meta property=\"og:description\" content=\"Youth at the centre concert series Nathaniel Laevsky and Lior Lifshitz &#8211; viola and piano Friday | 22\/11\/2024 | 12:00 | Jerusalem Music Centre Nathaniel Laevsky: viola Lior Lifshitz: piano Bach: Sonata for viola da gamba and keyboard in G minor Shostakovich: Sonata for viola and piano \u00d6d\u00f6n P\u00e1rtos: Yizkor Schumann: Three Romances Op. 94 [&hellip;]\" \/>\n<meta property=\"og:url\" content=\"https:\/\/www.jmc.org.il\/en\/natanel-laevsky\/\" \/>\n<meta property=\"og:site_name\" content=\"Jerusalem Music Centre\" \/>\n<meta property=\"article:publisher\" content=\"https:\/\/www.facebook.com\/jerusalem.music.centre\" \/>\n<meta property=\"article:modified_time\" content=\"2025-01-01T10:13:33+00:00\" \/>\n<meta property=\"og:image\" content=\"https:\/\/www.jmc.org.il\/wp-content\/uploads\/2025\/01\/Natanel_LAEVSKY.jpeg\" \/>\n<meta name=\"twitter:card\" content=\"summary_large_image\" \/>\n<script type=\"application\/ld+json\" class=\"yoast-schema-graph\">{\"@context\":\"https:\/\/schema.org\",\"@graph\":[{\"@type\":\"WebSite\",\"@id\":\"https:\/\/www.jmc.org.il\/en\/#website\",\"url\":\"https:\/\/www.jmc.org.il\/en\/\",\"name\":\"Jerusalem Music Centre\",\"description\":\"Jerusalem Music Centre\",\"potentialAction\":[{\"@type\":\"SearchAction\",\"target\":{\"@type\":\"EntryPoint\",\"urlTemplate\":\"https:\/\/www.jmc.org.il\/en\/?s={search_term_string}\"},\"query-input\":\"required name=search_term_string\"}],\"inLanguage\":\"en-US\"},{\"@type\":\"ImageObject\",\"@id\":\"https:\/\/www.jmc.org.il\/en\/natanel-laevsky\/#primaryimage\",\"inLanguage\":\"en-US\",\"url\":\"https:\/\/www.jmc.org.il\/wp-content\/uploads\/2025\/01\/Natanel_LAEVSKY.jpeg\",\"contentUrl\":\"https:\/\/www.jmc.org.il\/wp-content\/uploads\/2025\/01\/Natanel_LAEVSKY.jpeg\",\"width\":627,\"height\":627},{\"@type\":\"WebPage\",\"@id\":\"https:\/\/www.jmc.org.il\/en\/natanel-laevsky\/#webpage\",\"url\":\"https:\/\/www.jmc.org.il\/en\/natanel-laevsky\/\",\"name\":\"Natanel-Laevsky - Jerusalem Music Centre\",\"isPartOf\":{\"@id\":\"https:\/\/www.jmc.org.il\/en\/#website\"},\"primaryImageOfPage\":{\"@id\":\"https:\/\/www.jmc.org.il\/en\/natanel-laevsky\/#primaryimage\"},\"datePublished\":\"2024-09-24T09:45:53+00:00\",\"dateModified\":\"2025-01-01T10:13:33+00:00\",\"breadcrumb\":{\"@id\":\"https:\/\/www.jmc.org.il\/en\/natanel-laevsky\/#breadcrumb\"},\"inLanguage\":\"en-US\",\"potentialAction\":[{\"@type\":\"ReadAction\",\"target\":[\"https:\/\/www.jmc.org.il\/en\/natanel-laevsky\/\"]}]},{\"@type\":\"BreadcrumbList\",\"@id\":\"https:\/\/www.jmc.org.il\/en\/natanel-laevsky\/#breadcrumb\",\"itemListElement\":[{\"@type\":\"ListItem\",\"position\":1,\"name\":\"\\u05d3\\u05e3 \\u05d4\\u05d1\\u05d9\\u05ea\",\"item\":\"https:\/\/www.jmc.org.il\/en\/\"},{\"@type\":\"ListItem\",\"position\":2,\"name\":\"Natanel-Laevsky\"}]}]}<\/script>\n<!-- \/ Yoast SEO Premium plugin. -->","yoast_head_json":{"title":"Natanel-Laevsky - Jerusalem Music Centre","robots":{"index":"index","follow":"follow","max-snippet":"max-snippet:-1","max-image-preview":"max-image-preview:large","max-video-preview":"max-video-preview:-1"},"canonical":"https:\/\/www.jmc.org.il\/en\/natanel-laevsky\/","og_locale":"en_US","og_type":"article","og_title":"Natanel-Laevsky","og_description":"Youth at the centre concert series Nathaniel Laevsky and Lior Lifshitz &#8211; viola and piano Friday | 22\/11\/2024 | 12:00 | Jerusalem Music Centre Nathaniel Laevsky: viola Lior Lifshitz: piano Bach: Sonata for viola da gamba and keyboard in G minor Shostakovich: Sonata for viola and piano \u00d6d\u00f6n P\u00e1rtos: Yizkor Schumann: Three Romances Op. 94 [&hellip;]","og_url":"https:\/\/www.jmc.org.il\/en\/natanel-laevsky\/","og_site_name":"Jerusalem Music Centre","article_publisher":"https:\/\/www.facebook.com\/jerusalem.music.centre","article_modified_time":"2025-01-01T10:13:33+00:00","og_image":[{"url":"https:\/\/www.jmc.org.il\/wp-content\/uploads\/2025\/01\/Natanel_LAEVSKY.jpeg"}],"twitter_card":"summary_large_image","schema":{"@context":"https:\/\/schema.org","@graph":[{"@type":"WebSite","@id":"https:\/\/www.jmc.org.il\/en\/#website","url":"https:\/\/www.jmc.org.il\/en\/","name":"Jerusalem Music Centre","description":"Jerusalem Music Centre","potentialAction":[{"@type":"SearchAction","target":{"@type":"EntryPoint","urlTemplate":"https:\/\/www.jmc.org.il\/en\/?s={search_term_string}"},"query-input":"required name=search_term_string"}],"inLanguage":"en-US"},{"@type":"ImageObject","@id":"https:\/\/www.jmc.org.il\/en\/natanel-laevsky\/#primaryimage","inLanguage":"en-US","url":"https:\/\/www.jmc.org.il\/wp-content\/uploads\/2025\/01\/Natanel_LAEVSKY.jpeg","contentUrl":"https:\/\/www.jmc.org.il\/wp-content\/uploads\/2025\/01\/Natanel_LAEVSKY.jpeg","width":627,"height":627},{"@type":"WebPage","@id":"https:\/\/www.jmc.org.il\/en\/natanel-laevsky\/#webpage","url":"https:\/\/www.jmc.org.il\/en\/natanel-laevsky\/","name":"Natanel-Laevsky - Jerusalem Music Centre","isPartOf":{"@id":"https:\/\/www.jmc.org.il\/en\/#website"},"primaryImageOfPage":{"@id":"https:\/\/www.jmc.org.il\/en\/natanel-laevsky\/#primaryimage"},"datePublished":"2024-09-24T09:45:53+00:00","dateModified":"2025-01-01T10:13:33+00:00","breadcrumb":{"@id":"https:\/\/www.jmc.org.il\/en\/natanel-laevsky\/#breadcrumb"},"inLanguage":"en-US","potentialAction":[{"@type":"ReadAction","target":["https:\/\/www.jmc.org.il\/en\/natanel-laevsky\/"]}]},{"@type":"BreadcrumbList","@id":"https:\/\/www.jmc.org.il\/en\/natanel-laevsky\/#breadcrumb","itemListElement":[{"@type":"ListItem","position":1,"name":"\u05d3\u05e3 \u05d4\u05d1\u05d9\u05ea","item":"https:\/\/www.jmc.org.il\/en\/"},{"@type":"ListItem","position":2,"name":"Natanel-Laevsky"}]}]}},"_links":{"self":[{"href":"https:\/\/www.jmc.org.il\/en\/wp-json\/wp\/v2\/pages\/32003","targetHints":{"allow":["GET"]}}],"collection":[{"href":"https:\/\/www.jmc.org.il\/en\/wp-json\/wp\/v2\/pages"}],"about":[{"href":"https:\/\/www.jmc.org.il\/en\/wp-json\/wp\/v2\/types\/page"}],"author":[{"embeddable":true,"href":"https:\/\/www.jmc.org.il\/en\/wp-json\/wp\/v2\/users\/1"}],"replies":[{"embeddable":true,"href":"https:\/\/www.jmc.org.il\/en\/wp-json\/wp\/v2\/comments?post=32003"}],"version-history":[{"count":4,"href":"https:\/\/www.jmc.org.il\/en\/wp-json\/wp\/v2\/pages\/32003\/revisions"}],"predecessor-version":[{"id":33831,"href":"https:\/\/www.jmc.org.il\/en\/wp-json\/wp\/v2\/pages\/32003\/revisions\/33831"}],"wp:attachment":[{"href":"https:\/\/www.jmc.org.il\/en\/wp-json\/wp\/v2\/media?parent=32003"}],"curies":[{"name":"wp","href":"https:\/\/api.w.org\/{rel}","templated":true}]}}