{"id":31772,"date":"2024-09-18T10:42:00","date_gmt":"2024-09-18T10:42:00","guid":{"rendered":"https:\/\/www.jmc.org.il\/george_pehlivanian\/"},"modified":"2024-09-18T10:47:01","modified_gmt":"2024-09-18T10:47:01","slug":"george_pehlivanian","status":"publish","type":"page","link":"https:\/\/www.jmc.org.il\/en\/george_pehlivanian\/","title":{"rendered":"George_Pehlivanian"},"content":{"rendered":"\t\t<div data-elementor-type=\"wp-page\" data-elementor-id=\"31772\" class=\"elementor elementor-31772 elementor-31752\">\n\t\t\t\t\t\t<section class=\"elementor-section elementor-top-section elementor-element elementor-element-ddbd680 elementor-section-boxed elementor-section-height-default elementor-section-height-default\" data-id=\"ddbd680\" data-element_type=\"section\" data-e-type=\"section\">\n\t\t\t\t\t\t<div class=\"elementor-container elementor-column-gap-default\">\n\t\t\t\t\t<div class=\"elementor-column elementor-col-50 elementor-top-column elementor-element elementor-element-da7451d\" data-id=\"da7451d\" data-element_type=\"column\" data-e-type=\"column\">\n\t\t\t<div class=\"elementor-widget-wrap elementor-element-populated\">\n\t\t\t\t\t\t<div class=\"elementor-element elementor-element-0347600 elementor-widget elementor-widget-heading\" data-id=\"0347600\" data-element_type=\"widget\" data-e-type=\"widget\" data-widget_type=\"heading.default\">\n\t\t\t\t<div class=\"elementor-widget-container\">\n\t\t\t\t\t<h2 class=\"elementor-heading-title elementor-size-default\">George Pehlivanian<\/h2>\t\t\t\t<\/div>\n\t\t\t\t<\/div>\n\t\t\t\t<div class=\"elementor-element elementor-element-ac14fae elementor-widget elementor-widget-text-editor\" data-id=\"ac14fae\" data-element_type=\"widget\" data-e-type=\"widget\" data-widget_type=\"text-editor.default\">\n\t\t\t\t<div class=\"elementor-widget-container\">\n\t\t\t\t\t\t\t\t\t<p>French-American conductor, born in Beirut, into a musical family. George Pehlivanian\u2019s path in music began with piano and violin lessons at the age of three and six respectively. In 1975, Pehlivanian and his family emigrated to Los Angeles and went on to study conducting with Pierre Boulez, Lorin Maazel and Ferdinand Leitner. He also spent two summers at the Accademia Musicale Chigiana in Siena where he was awarded the Diploma di Merito.  <\/p>\n<p>In 1991 Mr. Pehlivanian was crowned unanimously by the International Jury, with the Grand Prize of the Besan\u00e7on International Conducting Competition. Thus becoming the first American to have received this honor in the history of one of the most respected competitions in the world. <\/p>\n\t\t\t\t\t\t\t\t<\/div>\n\t\t\t\t<\/div>\n\t\t\t\t<div class=\"elementor-element elementor-element-54c937f elementor-widget elementor-widget-text-editor\" data-id=\"54c937f\" data-element_type=\"widget\" data-e-type=\"widget\" data-widget_type=\"text-editor.default\">\n\t\t\t\t<div class=\"elementor-widget-container\">\n\t\t\t\t\t\t\t\t\t<p>Since then Maestro Pehlivanian has consolidated his reputation as one of the leading conductors of his generation. On the concert-platform he has led many of the world\u2019s leading orchestras including the London Philharmonic Orchestra and the Philharmonia, Israel Philharmonic, Filarmonica della Scala, Leipzig Gewandhaus Leipzig, NDR Hamburg , Orchestra of the Teatro dell\u2019Opera di Roma, Orchestra dell\u2019Accademia di Santa Cecilia, Rotterdam Philharmonic, Orchestre Philharmonique de Radio France, Monte-Carlo Philharmonic, Maggio Musicale Fiorentino, Orchestra Nazionale della RAI Torino, the BBC Philharmonic, Bamberger Symphoniker, the Czech Philharmonic, the Norddeutsche, Hessische and S\u00fcdwetsdeutsche Runfunk Symphony Orchestras, Saarl\u00e4ndisches Staatsorchester, Orchestre de la Suisse Romande, Teatro Comunale di Bologna, Orquesta Nacional de Espa\u00f1a, Nationaal Orkest van Belgi\u00eb, Orchestra del Teatro di San Carlo, Orquesta Radio Television de Espa\u00f1a, Royal Scottish National Orchestra and many others. <\/p>\n\t\t\t\t\t\t\t\t<\/div>\n\t\t\t\t<\/div>\n\t\t\t\t<div class=\"elementor-element elementor-element-7946d30 elementor-widget elementor-widget-text-editor\" data-id=\"7946d30\" data-element_type=\"widget\" data-e-type=\"widget\" data-widget_type=\"text-editor.default\">\n\t\t\t\t<div class=\"elementor-widget-container\">\n\t\t\t\t\t\t\t\t\t<p>In North America he has conducted the Houston, Montreal, Baltimore, Cincinnati, Indianapolis, St. Paul, Buffalo, Rochester, Honolulu, Puerto Rico, Vancouver, Ottawa, Quebec, Toronto and the Pacific Symphony Orchestras. He has also worked with the Russian National Orchestra, Moscow Philharmonic, Mariinsky Theater Orchestra, Sydney Symphony, Japan Virtuoso Symphony, Malaysian Philharmonic, Hong Kong Philharmonic, Qatar Philharmonic, Quingdao and Shanghai Philharmonic Orchestras. In Winter of 2017 Maestro Pehlivanian made history as the first conductor of Armenian descent to conduct the Presidential Symphony Orchestra of Ankara.  <\/p>\n\t\t\t\t\t\t\t\t<\/div>\n\t\t\t\t<\/div>\n\t\t\t\t<div class=\"elementor-element elementor-element-c78abbd elementor-widget elementor-widget-text-editor\" data-id=\"c78abbd\" data-element_type=\"widget\" data-e-type=\"widget\" data-widget_type=\"text-editor.default\">\n\t\t\t\t<div class=\"elementor-widget-container\">\n\t\t\t\t\t\t\t\t\t<p>Equally at home in the Operatic World as in the Symphonic, Mr. Pehlivanian has conducted leading opera companies of both Europe and the United States, including performances of CARMEN for the Long Beach Opera, California, JENUFA, BARBIERE DI SIVIGLIA, and ERNANI for the New Israeli Opera, LA TRAVIATA at the Mariinsky, St. Petersburg, TOSCA at Grand Theatre de Bordeaux and St. Etienne, the Dutch premiere of RIDERS TO THE SEA in Rotterdam, LA VOIX HUMAINE at the Cite de la Musique, Paris, OTELLO, CAVALLERIA RUSTICANA and GIANNI SCHICCHI at Teatro San Carlo di Napoli, PIQUE DAME and ANDREA CHENIER at the Teatro Lirico, Cagliari, LE DAMNATION DE FAUST at Teatro San Carlo, Napoli and Teatro Regio, Parma, the world premieres of LE JOUR DES MEURTRES by Pierre Thilloy for l\u2019Op\u00e9ra-Th\u00e9\u00e2tre de Metz and SETTE STORIE PER LASCIARE IL MONDO by Marco Betta as well as a critically acclaimed new production of BORIS GODUNOV for Teatro Massimo di Palermo.<\/p>\n\t\t\t\t\t\t\t\t<\/div>\n\t\t\t\t<\/div>\n\t\t\t\t<div class=\"elementor-element elementor-element-154aeb5 elementor-widget elementor-widget-text-editor\" data-id=\"154aeb5\" data-element_type=\"widget\" data-e-type=\"widget\" data-widget_type=\"text-editor.default\">\n\t\t\t\t<div class=\"elementor-widget-container\">\n\t\t\t\t\t\t\t\t\t<p>In 2011 George Pehlivanian founded the Touquet International Music Masters in France, a unique festival assembling the National Youth Orchestras of Europe. In 2012 Maestro Pehlivanian was Professor at the Conservatoire National Sup\u00e9rieur de Musique de Paris (CNSMDP) and in 2013 Maestro was the director of the Post Graduate Program in conducting at the Katarina Gurska Conservatory in Madrid. <\/p>\n\t\t\t\t\t\t\t\t<\/div>\n\t\t\t\t<\/div>\n\t\t\t\t<div class=\"elementor-element elementor-element-ca8cc83 elementor-widget elementor-widget-text-editor\" data-id=\"ca8cc83\" data-element_type=\"widget\" data-e-type=\"widget\" data-widget_type=\"text-editor.default\">\n\t\t\t\t<div class=\"elementor-widget-container\">\n\t\t\t\t\t\t\t\t\t<p>Since 2020, Maestro has founded his own Opera Academy , the Pehlivanian Professional Opera Academy (PPOA), in the beautiful city of Bled, in Slovenia. In 2022, Maestro Pehlivanian decided to create his own National Orchestra, the Slovenian Festival Orchestra , the resident orchestra of the Festival Hall of Bled, Slovenia.<\/p>\n\t\t\t\t\t\t\t\t<\/div>\n\t\t\t\t<\/div>\n\t\t\t\t<div class=\"elementor-element elementor-element-456d153 elementor-widget elementor-widget-text-editor\" data-id=\"456d153\" data-element_type=\"widget\" data-e-type=\"widget\" data-widget_type=\"text-editor.default\">\n\t\t\t\t<div class=\"elementor-widget-container\">\n\t\t\t\t\t\t\t\t\t<p>He has collaborated with the Best. Some of the renowned artists include : Maxim Vengerov, Leonidas Kavakos, Vadim Repim, Sarah Chang, Joshua Bell, Janine Jansen, Misha Maisky, Gidon Kremer, Jean-Yves Thibaudet, Gil Shaham, Arcadi Volodos, Emmanuel Ax, Lynn Harrell, Fazil Say, Nemanja Radulovic, Patricia Kopatchinskaja, Maurice Andre, Evelyn Glennie, Andre Watts, Mirella Freni, Ruggero Raimondi, Dimitri Hvorostovsky, Ferrucio Furlanetto, Leona Mitchell, Leo Nucci, Simon Estes, Albert Dohmen, Carlo Guelfi, Denyce Graves, Vladimir Galuzin, Bernarda Fink, Marjana Lipovsek and countless more of the world\u2019s highest calibre soloists\/artists.<\/p>\n\t\t\t\t\t\t\t\t<\/div>\n\t\t\t\t<\/div>\n\t\t\t\t<div class=\"elementor-element elementor-element-cb68f6d elementor-widget elementor-widget-text-editor\" data-id=\"cb68f6d\" data-element_type=\"widget\" data-e-type=\"widget\" data-widget_type=\"text-editor.default\">\n\t\t\t\t<div class=\"elementor-widget-container\">\n\t\t\t\t\t\t\t\t\t<p>Maestro Pehlivanian was asked to become the Chief Conductor and Artistic Director of the Slovenian Philharmonic (2005-2008) and has held many Principal Guest Conductor positions with various orchestras, such as: Residentie Orkest of The Hague, Wiener Kammerorchester, Staatsphilharmonie Rheinland-Pfalz, Teatro Lirico di Cagliari, and the Armenian Philharmonic Orchestras.<\/p>\n\t\t\t\t\t\t\t\t<\/div>\n\t\t\t\t<\/div>\n\t\t\t\t<div class=\"elementor-element elementor-element-80a09fa elementor-widget elementor-widget-text-editor\" data-id=\"80a09fa\" data-element_type=\"widget\" data-e-type=\"widget\" data-widget_type=\"text-editor.default\">\n\t\t\t\t<div class=\"elementor-widget-container\">\n\t\t\t\t\t\t\t\t\t<p>He has appeared at many of the world\u2019s most important International Music Festivals, including the Maggio Musicale Fiorentino, White Nights of Saint Petersburg, Aix-en-Province, Mito Milan, Radio France de Montpellier, Jeunesse Musicale Vienna, Festival Bruckner of Linz, Verdi Festival di Parma, R\u00e1vena, Aspen, San Sebastien, Santander, Ravello, Madrid, Cannes MIDEM, El Escorial, Ljubljana, Granada, Osaka, and Kyoto.<\/p>\n\t\t\t\t\t\t\t\t<\/div>\n\t\t\t\t<\/div>\n\t\t\t\t<div class=\"elementor-element elementor-element-5916ec1 elementor-widget elementor-widget-text-editor\" data-id=\"5916ec1\" data-element_type=\"widget\" data-e-type=\"widget\" data-widget_type=\"text-editor.default\">\n\t\t\t\t<div class=\"elementor-widget-container\">\n\t\t\t\t\t\t\t\t\t<p>His discography includes a double CD release on Virgin Classics\/EMI with the Monte-Carlo Philharmonic, recordings with Sony Classical with London Philharmonic, the world premiere recording of music by Zhukov under CHANDOS with the Residentie Orchestra, works by Rodrigo with the Orquesta Nacional de Espa\u00f1a STUDIO SM, as well as Liszt\u2019s complete works for piano and orchestra with Louis Lortie and the Residentie Orchestra for Chandos. This recording received special praise by Gramophone Magazine.<\/p>\n\t\t\t\t\t\t\t\t<\/div>\n\t\t\t\t<\/div>\n\t\t\t\t\t<\/div>\n\t\t<\/div>\n\t\t\t\t<div class=\"elementor-column elementor-col-50 elementor-top-column elementor-element elementor-element-0f7f290\" data-id=\"0f7f290\" data-element_type=\"column\" data-e-type=\"column\">\n\t\t\t<div class=\"elementor-widget-wrap elementor-element-populated\">\n\t\t\t\t\t\t<div class=\"elementor-element elementor-element-a15c59d elementor-widget elementor-widget-image\" data-id=\"a15c59d\" data-element_type=\"widget\" data-e-type=\"widget\" data-widget_type=\"image.default\">\n\t\t\t\t<div class=\"elementor-widget-container\">\n\t\t\t\t\t\t\t\t\t\t\t\t\t\t\t<img fetchpriority=\"high\" decoding=\"async\" width=\"640\" height=\"640\" src=\"https:\/\/www.jmc.org.il\/wp-content\/uploads\/2024\/09\/pehlavinian2.jpg\" class=\"attachment-large size-large wp-image-31765\" alt=\"\" srcset=\"https:\/\/www.jmc.org.il\/wp-content\/uploads\/2024\/09\/pehlavinian2.jpg 640w, https:\/\/www.jmc.org.il\/wp-content\/uploads\/2024\/09\/pehlavinian2-300x300.jpg 300w, https:\/\/www.jmc.org.il\/wp-content\/uploads\/2024\/09\/pehlavinian2-150x150.jpg 150w\" sizes=\"(max-width: 640px) 100vw, 640px\" \/>\t\t\t\t\t\t\t\t\t\t\t\t\t\t\t<\/div>\n\t\t\t\t<\/div>\n\t\t\t\t\t<\/div>\n\t\t<\/div>\n\t\t\t\t\t<\/div>\n\t\t<\/section>\n\t\t\t\t<\/div>\n\t\t","protected":false},"excerpt":{"rendered":"<p>George Pehlivanian French-American conductor, born in Beirut, into a musical family. George Pehlivanian\u2019s path in music began with piano and violin lessons at the age of three and six respectively. In 1975, Pehlivanian and his family emigrated to Los Angeles and went on to study conducting with Pierre Boulez, Lorin Maazel and Ferdinand Leitner. He [&hellip;]<\/p>\n","protected":false},"author":1,"featured_media":0,"parent":0,"menu_order":0,"comment_status":"closed","ping_status":"closed","template":"","meta":{"footnotes":""},"class_list":["post-31772","page","type-page","status-publish","hentry"],"yoast_head":"<!-- This site is optimized with the Yoast SEO Premium plugin v17.8 (Yoast SEO v17.8) - https:\/\/yoast.com\/wordpress\/plugins\/seo\/ -->\n<title>George_Pehlivanian - Jerusalem Music Centre<\/title>\n<meta name=\"robots\" content=\"index, follow, max-snippet:-1, max-image-preview:large, max-video-preview:-1\" \/>\n<link rel=\"canonical\" href=\"https:\/\/www.jmc.org.il\/en\/george_pehlivanian\/\" \/>\n<meta property=\"og:locale\" content=\"en_US\" \/>\n<meta property=\"og:type\" content=\"article\" \/>\n<meta property=\"og:title\" content=\"George_Pehlivanian\" \/>\n<meta property=\"og:description\" content=\"George Pehlivanian French-American conductor, born in Beirut, into a musical family. George Pehlivanian\u2019s path in music began with piano and violin lessons at the age of three and six respectively. In 1975, Pehlivanian and his family emigrated to Los Angeles and went on to study conducting with Pierre Boulez, Lorin Maazel and Ferdinand Leitner. He [&hellip;]\" \/>\n<meta property=\"og:url\" content=\"https:\/\/www.jmc.org.il\/en\/george_pehlivanian\/\" \/>\n<meta property=\"og:site_name\" content=\"Jerusalem Music Centre\" \/>\n<meta property=\"article:publisher\" content=\"https:\/\/www.facebook.com\/jerusalem.music.centre\" \/>\n<meta property=\"article:modified_time\" content=\"2024-09-18T10:47:01+00:00\" \/>\n<meta property=\"og:image\" content=\"https:\/\/www.jmc.org.il\/wp-content\/uploads\/2024\/09\/pehlavinian2.jpg\" \/>\n<meta name=\"twitter:card\" content=\"summary_large_image\" \/>\n<meta name=\"twitter:label1\" content=\"Est. reading time\" \/>\n\t<meta name=\"twitter:data1\" content=\"4 minutes\" \/>\n<script type=\"application\/ld+json\" class=\"yoast-schema-graph\">{\"@context\":\"https:\/\/schema.org\",\"@graph\":[{\"@type\":\"WebSite\",\"@id\":\"https:\/\/www.jmc.org.il\/en\/#website\",\"url\":\"https:\/\/www.jmc.org.il\/en\/\",\"name\":\"Jerusalem Music Centre\",\"description\":\"Jerusalem Music Centre\",\"potentialAction\":[{\"@type\":\"SearchAction\",\"target\":{\"@type\":\"EntryPoint\",\"urlTemplate\":\"https:\/\/www.jmc.org.il\/en\/?s={search_term_string}\"},\"query-input\":\"required name=search_term_string\"}],\"inLanguage\":\"en-US\"},{\"@type\":\"ImageObject\",\"@id\":\"https:\/\/www.jmc.org.il\/en\/george_pehlivanian\/#primaryimage\",\"inLanguage\":\"en-US\",\"url\":\"https:\/\/www.jmc.org.il\/wp-content\/uploads\/2024\/09\/pehlavinian2.jpg\",\"contentUrl\":\"https:\/\/www.jmc.org.il\/wp-content\/uploads\/2024\/09\/pehlavinian2.jpg\",\"width\":640,\"height\":640},{\"@type\":\"WebPage\",\"@id\":\"https:\/\/www.jmc.org.il\/en\/george_pehlivanian\/#webpage\",\"url\":\"https:\/\/www.jmc.org.il\/en\/george_pehlivanian\/\",\"name\":\"George_Pehlivanian - Jerusalem Music Centre\",\"isPartOf\":{\"@id\":\"https:\/\/www.jmc.org.il\/en\/#website\"},\"primaryImageOfPage\":{\"@id\":\"https:\/\/www.jmc.org.il\/en\/george_pehlivanian\/#primaryimage\"},\"datePublished\":\"2024-09-18T10:42:00+00:00\",\"dateModified\":\"2024-09-18T10:47:01+00:00\",\"breadcrumb\":{\"@id\":\"https:\/\/www.jmc.org.il\/en\/george_pehlivanian\/#breadcrumb\"},\"inLanguage\":\"en-US\",\"potentialAction\":[{\"@type\":\"ReadAction\",\"target\":[\"https:\/\/www.jmc.org.il\/en\/george_pehlivanian\/\"]}]},{\"@type\":\"BreadcrumbList\",\"@id\":\"https:\/\/www.jmc.org.il\/en\/george_pehlivanian\/#breadcrumb\",\"itemListElement\":[{\"@type\":\"ListItem\",\"position\":1,\"name\":\"\\u05d3\\u05e3 \\u05d4\\u05d1\\u05d9\\u05ea\",\"item\":\"https:\/\/www.jmc.org.il\/en\/\"},{\"@type\":\"ListItem\",\"position\":2,\"name\":\"George_Pehlivanian\"}]}]}<\/script>\n<!-- \/ Yoast SEO Premium plugin. -->","yoast_head_json":{"title":"George_Pehlivanian - Jerusalem Music Centre","robots":{"index":"index","follow":"follow","max-snippet":"max-snippet:-1","max-image-preview":"max-image-preview:large","max-video-preview":"max-video-preview:-1"},"canonical":"https:\/\/www.jmc.org.il\/en\/george_pehlivanian\/","og_locale":"en_US","og_type":"article","og_title":"George_Pehlivanian","og_description":"George Pehlivanian French-American conductor, born in Beirut, into a musical family. George Pehlivanian\u2019s path in music began with piano and violin lessons at the age of three and six respectively. In 1975, Pehlivanian and his family emigrated to Los Angeles and went on to study conducting with Pierre Boulez, Lorin Maazel and Ferdinand Leitner. He [&hellip;]","og_url":"https:\/\/www.jmc.org.il\/en\/george_pehlivanian\/","og_site_name":"Jerusalem Music Centre","article_publisher":"https:\/\/www.facebook.com\/jerusalem.music.centre","article_modified_time":"2024-09-18T10:47:01+00:00","og_image":[{"url":"https:\/\/www.jmc.org.il\/wp-content\/uploads\/2024\/09\/pehlavinian2.jpg"}],"twitter_card":"summary_large_image","twitter_misc":{"Est. reading time":"4 minutes"},"schema":{"@context":"https:\/\/schema.org","@graph":[{"@type":"WebSite","@id":"https:\/\/www.jmc.org.il\/en\/#website","url":"https:\/\/www.jmc.org.il\/en\/","name":"Jerusalem Music Centre","description":"Jerusalem Music Centre","potentialAction":[{"@type":"SearchAction","target":{"@type":"EntryPoint","urlTemplate":"https:\/\/www.jmc.org.il\/en\/?s={search_term_string}"},"query-input":"required name=search_term_string"}],"inLanguage":"en-US"},{"@type":"ImageObject","@id":"https:\/\/www.jmc.org.il\/en\/george_pehlivanian\/#primaryimage","inLanguage":"en-US","url":"https:\/\/www.jmc.org.il\/wp-content\/uploads\/2024\/09\/pehlavinian2.jpg","contentUrl":"https:\/\/www.jmc.org.il\/wp-content\/uploads\/2024\/09\/pehlavinian2.jpg","width":640,"height":640},{"@type":"WebPage","@id":"https:\/\/www.jmc.org.il\/en\/george_pehlivanian\/#webpage","url":"https:\/\/www.jmc.org.il\/en\/george_pehlivanian\/","name":"George_Pehlivanian - Jerusalem Music Centre","isPartOf":{"@id":"https:\/\/www.jmc.org.il\/en\/#website"},"primaryImageOfPage":{"@id":"https:\/\/www.jmc.org.il\/en\/george_pehlivanian\/#primaryimage"},"datePublished":"2024-09-18T10:42:00+00:00","dateModified":"2024-09-18T10:47:01+00:00","breadcrumb":{"@id":"https:\/\/www.jmc.org.il\/en\/george_pehlivanian\/#breadcrumb"},"inLanguage":"en-US","potentialAction":[{"@type":"ReadAction","target":["https:\/\/www.jmc.org.il\/en\/george_pehlivanian\/"]}]},{"@type":"BreadcrumbList","@id":"https:\/\/www.jmc.org.il\/en\/george_pehlivanian\/#breadcrumb","itemListElement":[{"@type":"ListItem","position":1,"name":"\u05d3\u05e3 \u05d4\u05d1\u05d9\u05ea","item":"https:\/\/www.jmc.org.il\/en\/"},{"@type":"ListItem","position":2,"name":"George_Pehlivanian"}]}]}},"_links":{"self":[{"href":"https:\/\/www.jmc.org.il\/en\/wp-json\/wp\/v2\/pages\/31772","targetHints":{"allow":["GET"]}}],"collection":[{"href":"https:\/\/www.jmc.org.il\/en\/wp-json\/wp\/v2\/pages"}],"about":[{"href":"https:\/\/www.jmc.org.il\/en\/wp-json\/wp\/v2\/types\/page"}],"author":[{"embeddable":true,"href":"https:\/\/www.jmc.org.il\/en\/wp-json\/wp\/v2\/users\/1"}],"replies":[{"embeddable":true,"href":"https:\/\/www.jmc.org.il\/en\/wp-json\/wp\/v2\/comments?post=31772"}],"version-history":[{"count":3,"href":"https:\/\/www.jmc.org.il\/en\/wp-json\/wp\/v2\/pages\/31772\/revisions"}],"predecessor-version":[{"id":31775,"href":"https:\/\/www.jmc.org.il\/en\/wp-json\/wp\/v2\/pages\/31772\/revisions\/31775"}],"wp:attachment":[{"href":"https:\/\/www.jmc.org.il\/en\/wp-json\/wp\/v2\/media?parent=31772"}],"curies":[{"name":"wp","href":"https:\/\/api.w.org\/{rel}","templated":true}]}}