{"id":31344,"date":"2024-09-04T13:13:43","date_gmt":"2024-09-04T13:13:43","guid":{"rendered":"https:\/\/www.jmc.org.il\/boris_garlitsky\/"},"modified":"2024-09-04T13:13:43","modified_gmt":"2024-09-04T13:13:43","slug":"boris_garlitsky","status":"publish","type":"page","link":"https:\/\/www.jmc.org.il\/en\/boris_garlitsky\/","title":{"rendered":"Boris_Garlitsky"},"content":{"rendered":"\t\t<div data-elementor-type=\"wp-page\" data-elementor-id=\"31344\" class=\"elementor elementor-31344 elementor-31338\">\n\t\t\t\t\t\t<section class=\"elementor-section elementor-top-section elementor-element elementor-element-f07399d elementor-section-boxed elementor-section-height-default elementor-section-height-default\" data-id=\"f07399d\" data-element_type=\"section\" data-e-type=\"section\">\n\t\t\t\t\t\t<div class=\"elementor-container elementor-column-gap-default\">\n\t\t\t\t\t<div class=\"elementor-column elementor-col-50 elementor-top-column elementor-element elementor-element-72465ff\" data-id=\"72465ff\" data-element_type=\"column\" data-e-type=\"column\">\n\t\t\t<div class=\"elementor-widget-wrap elementor-element-populated\">\n\t\t\t\t\t\t<div class=\"elementor-element elementor-element-e65e74c elementor-widget elementor-widget-heading\" data-id=\"e65e74c\" data-element_type=\"widget\" data-e-type=\"widget\" data-widget_type=\"heading.default\">\n\t\t\t\t<div class=\"elementor-widget-container\">\n\t\t\t\t\t<h2 class=\"elementor-heading-title elementor-size-default\">Boris Garlitsky<\/h2>\t\t\t\t<\/div>\n\t\t\t\t<\/div>\n\t\t\t\t<div class=\"elementor-element elementor-element-0bb8af3 elementor-widget elementor-widget-text-editor\" data-id=\"0bb8af3\" data-element_type=\"widget\" data-e-type=\"widget\" data-widget_type=\"text-editor.default\">\n\t\t\t\t<div class=\"elementor-widget-container\">\n\t\t\t\t\t\t\t\t\t<p>In 1982, Boris Garlitsky won the Italian Paganini Competition and began his career as a soloist. Since then, he has played, among others, with the London Philharmonic Orchestra, the Vienna Radio Orchestra, the Chamber Orchestra of Philadelphia as well as the Milan based Giuseppe Verdi Orchestra and the British Orchestra of the Age of Enlightenment. His interpretations of Shostakovich\u2019s violin concerto with the Orchestra National de Lyon were praised in the press. \u201cThe intensity and irresistible force of persuasion brought to it by all the skill of Boris Garlitsky was worthy of the work\u2019s first interpreter, David Oistrakh\u201d, the Lyon Figaro commented.  <\/p>\n\t\t\t\t\t\t\t\t<\/div>\n\t\t\t\t<\/div>\n\t\t\t\t<div class=\"elementor-element elementor-element-b229c4b elementor-widget elementor-widget-text-editor\" data-id=\"b229c4b\" data-element_type=\"widget\" data-e-type=\"widget\" data-widget_type=\"text-editor.default\">\n\t\t\t\t<div class=\"elementor-widget-container\">\n\t\t\t\t\t\t\t\t\t<p>Mr. Garlitsky is an active participant in several international music festivals. He regularly takes part in the Pablo Casals Festival in France, Mostly Mozart in New York, the London Proms, the Schleswig-Holstein Music Festival and Gidon Kremer\u2019s Chamber Music Festival at Lockenhaus in Austria. Also, Mr Garlitsky performs for the BBC, Radio France as well as a number of radio stations in Italy, Russia and the United States. He has recorded for RCA, Naxos, Chandos and Polymnie.  <\/p>\n\t\t\t\t\t\t\t\t<\/div>\n\t\t\t\t<\/div>\n\t\t\t\t<div class=\"elementor-element elementor-element-1a75714 elementor-widget elementor-widget-text-editor\" data-id=\"1a75714\" data-element_type=\"widget\" data-e-type=\"widget\" data-widget_type=\"text-editor.default\">\n\t\t\t\t<div class=\"elementor-widget-container\">\n\t\t\t\t\t\t\t\t\t<p>Mr. Garlitsky\u2019s repertoire is amazingly rich. Among his partners are Pinchas Zuckerman, Gidon Kremer, Marta Argerich, Anne-Sophie Mutter, Vadim Repin, Truls Mork, Maria-Joao Pires. Last but not least, Mr. Garlitsky is so popular among his colleagues due to his amiable character. \u201cGarlitsky\u2019s charisma is glaringly obvious. And how! A first violin of such imposing presence is a blessing for any ensemble\u201d (La Montagne).   <\/p>\n\t\t\t\t\t\t\t\t<\/div>\n\t\t\t\t<\/div>\n\t\t\t\t<div class=\"elementor-element elementor-element-8e5bd44 elementor-widget elementor-widget-text-editor\" data-id=\"8e5bd44\" data-element_type=\"widget\" data-e-type=\"widget\" data-widget_type=\"text-editor.default\">\n\t\t\t\t<div class=\"elementor-widget-container\">\n\t\t\t\t\t\t\t\t\t<p>Born in Russia, Mr. Garlitsky received his first music lessons from his father, the author of the standard textbook for young violinists, \u201cStep by Step\u201d. He studied with Professor Yankelevich at the Moscow Conservatory, and afterwards worked as the Concertmaster for the Moscow Virtuosi and the London Symphony Orchestra, the Covent Garden Opera, the Vienna ORF Orchestra, the Hamburg Philharmonic and many more. <\/p>\n\t\t\t\t\t\t\t\t<\/div>\n\t\t\t\t<\/div>\n\t\t\t\t<div class=\"elementor-element elementor-element-7455a9c elementor-widget elementor-widget-text-editor\" data-id=\"7455a9c\" data-element_type=\"widget\" data-e-type=\"widget\" data-widget_type=\"text-editor.default\">\n\t\t\t\t<div class=\"elementor-widget-container\">\n\t\t\t\t\t\t\t\t\t<p>Today, Mr. Garlitsky devotes a large amount of his time to education. He holds a chair at two outstanding music Institutes, the Conservatoire National Sup\u00e9rieur de Paris and the Folkwang Universit\u00e4t der K\u00fcnste, Essen (Germany). In addition, Mr. Garlitsky offers master classes on a yearly basis at the most renowned music institutions including the Curtis Institute in Philadelphia, the Peabody Conservatory in Baltimore, Hanns Eisler Musikhochschule in Berlin and Kronberg Academy.  <\/p>\n\t\t\t\t\t\t\t\t<\/div>\n\t\t\t\t<\/div>\n\t\t\t\t\t<\/div>\n\t\t<\/div>\n\t\t\t\t<div class=\"elementor-column elementor-col-50 elementor-top-column elementor-element elementor-element-417d237\" data-id=\"417d237\" data-element_type=\"column\" data-e-type=\"column\">\n\t\t\t<div class=\"elementor-widget-wrap elementor-element-populated\">\n\t\t\t\t\t\t<div class=\"elementor-element elementor-element-d45b1dc elementor-widget elementor-widget-image\" data-id=\"d45b1dc\" data-element_type=\"widget\" data-e-type=\"widget\" data-widget_type=\"image.default\">\n\t\t\t\t<div class=\"elementor-widget-container\">\n\t\t\t\t\t\t\t\t\t\t\t\t\t\t\t<img fetchpriority=\"high\" decoding=\"async\" width=\"600\" height=\"600\" src=\"https:\/\/www.jmc.org.il\/wp-content\/uploads\/2024\/03\/garlitski.jpg\" class=\"attachment-large size-large wp-image-28432\" alt=\"\" srcset=\"https:\/\/www.jmc.org.il\/wp-content\/uploads\/2024\/03\/garlitski.jpg 600w, https:\/\/www.jmc.org.il\/wp-content\/uploads\/2024\/03\/garlitski-300x300.jpg 300w, https:\/\/www.jmc.org.il\/wp-content\/uploads\/2024\/03\/garlitski-150x150.jpg 150w\" sizes=\"(max-width: 600px) 100vw, 600px\" \/>\t\t\t\t\t\t\t\t\t\t\t\t\t\t\t<\/div>\n\t\t\t\t<\/div>\n\t\t\t\t\t<\/div>\n\t\t<\/div>\n\t\t\t\t\t<\/div>\n\t\t<\/section>\n\t\t\t\t<\/div>\n\t\t","protected":false},"excerpt":{"rendered":"<p>Boris Garlitsky In 1982, Boris Garlitsky won the Italian Paganini Competition and began his career as a soloist. Since then, he has played, among others, with the London Philharmonic Orchestra, the Vienna Radio Orchestra, the Chamber Orchestra of Philadelphia as well as the Milan based Giuseppe Verdi Orchestra and the British Orchestra of the Age [&hellip;]<\/p>\n","protected":false},"author":1,"featured_media":0,"parent":0,"menu_order":0,"comment_status":"closed","ping_status":"closed","template":"","meta":{"footnotes":""},"class_list":["post-31344","page","type-page","status-publish","hentry"],"yoast_head":"<!-- This site is optimized with the Yoast SEO Premium plugin v17.8 (Yoast SEO v17.8) - https:\/\/yoast.com\/wordpress\/plugins\/seo\/ -->\n<title>Boris_Garlitsky - Jerusalem Music Centre<\/title>\n<meta name=\"robots\" content=\"index, follow, max-snippet:-1, max-image-preview:large, max-video-preview:-1\" \/>\n<link rel=\"canonical\" href=\"https:\/\/www.jmc.org.il\/en\/boris_garlitsky\/\" \/>\n<meta property=\"og:locale\" content=\"en_US\" \/>\n<meta property=\"og:type\" content=\"article\" \/>\n<meta property=\"og:title\" content=\"Boris_Garlitsky\" \/>\n<meta property=\"og:description\" content=\"Boris Garlitsky In 1982, Boris Garlitsky won the Italian Paganini Competition and began his career as a soloist. Since then, he has played, among others, with the London Philharmonic Orchestra, the Vienna Radio Orchestra, the Chamber Orchestra of Philadelphia as well as the Milan based Giuseppe Verdi Orchestra and the British Orchestra of the Age [&hellip;]\" \/>\n<meta property=\"og:url\" content=\"https:\/\/www.jmc.org.il\/en\/boris_garlitsky\/\" \/>\n<meta property=\"og:site_name\" content=\"Jerusalem Music Centre\" \/>\n<meta property=\"article:publisher\" content=\"https:\/\/www.facebook.com\/jerusalem.music.centre\" \/>\n<meta property=\"og:image\" content=\"https:\/\/www.jmc.org.il\/wp-content\/uploads\/2024\/03\/garlitski.jpg\" \/>\n<meta name=\"twitter:card\" content=\"summary_large_image\" \/>\n<meta name=\"twitter:label1\" content=\"Est. reading time\" \/>\n\t<meta name=\"twitter:data1\" content=\"2 minutes\" \/>\n<script type=\"application\/ld+json\" class=\"yoast-schema-graph\">{\"@context\":\"https:\/\/schema.org\",\"@graph\":[{\"@type\":\"WebSite\",\"@id\":\"https:\/\/www.jmc.org.il\/en\/#website\",\"url\":\"https:\/\/www.jmc.org.il\/en\/\",\"name\":\"Jerusalem Music Centre\",\"description\":\"Jerusalem Music Centre\",\"potentialAction\":[{\"@type\":\"SearchAction\",\"target\":{\"@type\":\"EntryPoint\",\"urlTemplate\":\"https:\/\/www.jmc.org.il\/en\/?s={search_term_string}\"},\"query-input\":\"required name=search_term_string\"}],\"inLanguage\":\"en-US\"},{\"@type\":\"ImageObject\",\"@id\":\"https:\/\/www.jmc.org.il\/en\/boris_garlitsky\/#primaryimage\",\"inLanguage\":\"en-US\",\"url\":\"https:\/\/www.jmc.org.il\/wp-content\/uploads\/2024\/03\/garlitski.jpg\",\"contentUrl\":\"https:\/\/www.jmc.org.il\/wp-content\/uploads\/2024\/03\/garlitski.jpg\",\"width\":600,\"height\":600},{\"@type\":\"WebPage\",\"@id\":\"https:\/\/www.jmc.org.il\/en\/boris_garlitsky\/#webpage\",\"url\":\"https:\/\/www.jmc.org.il\/en\/boris_garlitsky\/\",\"name\":\"Boris_Garlitsky - Jerusalem Music Centre\",\"isPartOf\":{\"@id\":\"https:\/\/www.jmc.org.il\/en\/#website\"},\"primaryImageOfPage\":{\"@id\":\"https:\/\/www.jmc.org.il\/en\/boris_garlitsky\/#primaryimage\"},\"datePublished\":\"2024-09-04T13:13:43+00:00\",\"dateModified\":\"2024-09-04T13:13:43+00:00\",\"breadcrumb\":{\"@id\":\"https:\/\/www.jmc.org.il\/en\/boris_garlitsky\/#breadcrumb\"},\"inLanguage\":\"en-US\",\"potentialAction\":[{\"@type\":\"ReadAction\",\"target\":[\"https:\/\/www.jmc.org.il\/en\/boris_garlitsky\/\"]}]},{\"@type\":\"BreadcrumbList\",\"@id\":\"https:\/\/www.jmc.org.il\/en\/boris_garlitsky\/#breadcrumb\",\"itemListElement\":[{\"@type\":\"ListItem\",\"position\":1,\"name\":\"\\u05d3\\u05e3 \\u05d4\\u05d1\\u05d9\\u05ea\",\"item\":\"https:\/\/www.jmc.org.il\/en\/\"},{\"@type\":\"ListItem\",\"position\":2,\"name\":\"Boris_Garlitsky\"}]}]}<\/script>\n<!-- \/ Yoast SEO Premium plugin. -->","yoast_head_json":{"title":"Boris_Garlitsky - Jerusalem Music Centre","robots":{"index":"index","follow":"follow","max-snippet":"max-snippet:-1","max-image-preview":"max-image-preview:large","max-video-preview":"max-video-preview:-1"},"canonical":"https:\/\/www.jmc.org.il\/en\/boris_garlitsky\/","og_locale":"en_US","og_type":"article","og_title":"Boris_Garlitsky","og_description":"Boris Garlitsky In 1982, Boris Garlitsky won the Italian Paganini Competition and began his career as a soloist. Since then, he has played, among others, with the London Philharmonic Orchestra, the Vienna Radio Orchestra, the Chamber Orchestra of Philadelphia as well as the Milan based Giuseppe Verdi Orchestra and the British Orchestra of the Age [&hellip;]","og_url":"https:\/\/www.jmc.org.il\/en\/boris_garlitsky\/","og_site_name":"Jerusalem Music Centre","article_publisher":"https:\/\/www.facebook.com\/jerusalem.music.centre","og_image":[{"url":"https:\/\/www.jmc.org.il\/wp-content\/uploads\/2024\/03\/garlitski.jpg"}],"twitter_card":"summary_large_image","twitter_misc":{"Est. reading time":"2 minutes"},"schema":{"@context":"https:\/\/schema.org","@graph":[{"@type":"WebSite","@id":"https:\/\/www.jmc.org.il\/en\/#website","url":"https:\/\/www.jmc.org.il\/en\/","name":"Jerusalem Music Centre","description":"Jerusalem Music Centre","potentialAction":[{"@type":"SearchAction","target":{"@type":"EntryPoint","urlTemplate":"https:\/\/www.jmc.org.il\/en\/?s={search_term_string}"},"query-input":"required name=search_term_string"}],"inLanguage":"en-US"},{"@type":"ImageObject","@id":"https:\/\/www.jmc.org.il\/en\/boris_garlitsky\/#primaryimage","inLanguage":"en-US","url":"https:\/\/www.jmc.org.il\/wp-content\/uploads\/2024\/03\/garlitski.jpg","contentUrl":"https:\/\/www.jmc.org.il\/wp-content\/uploads\/2024\/03\/garlitski.jpg","width":600,"height":600},{"@type":"WebPage","@id":"https:\/\/www.jmc.org.il\/en\/boris_garlitsky\/#webpage","url":"https:\/\/www.jmc.org.il\/en\/boris_garlitsky\/","name":"Boris_Garlitsky - Jerusalem Music Centre","isPartOf":{"@id":"https:\/\/www.jmc.org.il\/en\/#website"},"primaryImageOfPage":{"@id":"https:\/\/www.jmc.org.il\/en\/boris_garlitsky\/#primaryimage"},"datePublished":"2024-09-04T13:13:43+00:00","dateModified":"2024-09-04T13:13:43+00:00","breadcrumb":{"@id":"https:\/\/www.jmc.org.il\/en\/boris_garlitsky\/#breadcrumb"},"inLanguage":"en-US","potentialAction":[{"@type":"ReadAction","target":["https:\/\/www.jmc.org.il\/en\/boris_garlitsky\/"]}]},{"@type":"BreadcrumbList","@id":"https:\/\/www.jmc.org.il\/en\/boris_garlitsky\/#breadcrumb","itemListElement":[{"@type":"ListItem","position":1,"name":"\u05d3\u05e3 \u05d4\u05d1\u05d9\u05ea","item":"https:\/\/www.jmc.org.il\/en\/"},{"@type":"ListItem","position":2,"name":"Boris_Garlitsky"}]}]}},"_links":{"self":[{"href":"https:\/\/www.jmc.org.il\/en\/wp-json\/wp\/v2\/pages\/31344","targetHints":{"allow":["GET"]}}],"collection":[{"href":"https:\/\/www.jmc.org.il\/en\/wp-json\/wp\/v2\/pages"}],"about":[{"href":"https:\/\/www.jmc.org.il\/en\/wp-json\/wp\/v2\/types\/page"}],"author":[{"embeddable":true,"href":"https:\/\/www.jmc.org.il\/en\/wp-json\/wp\/v2\/users\/1"}],"replies":[{"embeddable":true,"href":"https:\/\/www.jmc.org.il\/en\/wp-json\/wp\/v2\/comments?post=31344"}],"version-history":[{"count":1,"href":"https:\/\/www.jmc.org.il\/en\/wp-json\/wp\/v2\/pages\/31344\/revisions"}],"predecessor-version":[{"id":31345,"href":"https:\/\/www.jmc.org.il\/en\/wp-json\/wp\/v2\/pages\/31344\/revisions\/31345"}],"wp:attachment":[{"href":"https:\/\/www.jmc.org.il\/en\/wp-json\/wp\/v2\/media?parent=31344"}],"curies":[{"name":"wp","href":"https:\/\/api.w.org\/{rel}","templated":true}]}}