{"id":11949,"date":"2022-01-17T17:19:34","date_gmt":"2022-01-17T17:19:34","guid":{"rendered":"https:\/\/www.jmc.org.il\/concerts_for_the_elderly"},"modified":"2022-01-17T17:19:37","modified_gmt":"2022-01-17T17:19:37","slug":"concerts_for_the_elderly","status":"publish","type":"page","link":"https:\/\/www.jmc.org.il\/en\/concerts_for_the_elderly\/","title":{"rendered":"Concerts_For_The_Elderly"},"content":{"rendered":"\t\t<div data-elementor-type=\"wp-page\" data-elementor-id=\"11949\" class=\"elementor elementor-11949 elementor-11918\">\n\t\t\t\t\t\t<section class=\"elementor-section elementor-top-section elementor-element elementor-element-35f628d elementor-section-boxed elementor-section-height-default elementor-section-height-default\" data-id=\"35f628d\" data-element_type=\"section\" data-e-type=\"section\">\n\t\t\t\t\t\t<div class=\"elementor-container elementor-column-gap-default\">\n\t\t\t\t\t<div class=\"elementor-column elementor-col-100 elementor-top-column elementor-element elementor-element-fd7798d\" data-id=\"fd7798d\" data-element_type=\"column\" data-e-type=\"column\">\n\t\t\t<div class=\"elementor-widget-wrap elementor-element-populated\">\n\t\t\t\t\t\t<div class=\"elementor-element elementor-element-a056951 elementor-hidden-mobile elementor-widget elementor-widget-heading\" data-id=\"a056951\" data-element_type=\"widget\" data-e-type=\"widget\" data-widget_type=\"heading.default\">\n\t\t\t\t<div class=\"elementor-widget-container\">\n\t\t\t\t\t<h1 class=\"elementor-heading-title elementor-size-default\">Young Musicians for Holocaust survivors and the elderly<\/h1>\t\t\t\t<\/div>\n\t\t\t\t<\/div>\n\t\t\t\t<section class=\"elementor-section elementor-inner-section elementor-element elementor-element-c217d68 elementor-section-boxed elementor-section-height-default elementor-section-height-default\" data-id=\"c217d68\" data-element_type=\"section\" data-e-type=\"section\">\n\t\t\t\t\t\t<div class=\"elementor-container elementor-column-gap-default\">\n\t\t\t\t\t<div class=\"elementor-column elementor-col-50 elementor-inner-column elementor-element elementor-element-1031fd5\" data-id=\"1031fd5\" data-element_type=\"column\" data-e-type=\"column\">\n\t\t\t<div class=\"elementor-widget-wrap elementor-element-populated\">\n\t\t\t\t\t\t<div class=\"elementor-element elementor-element-d4c93f8 elementor-widget elementor-widget-text-editor\" data-id=\"d4c93f8\" data-element_type=\"widget\" data-e-type=\"widget\" data-widget_type=\"text-editor.default\">\n\t\t\t\t<div class=\"elementor-widget-container\">\n\t\t\t\t\t\t\t\t\t<p>Online talk-concerts especially programed for Holocaust survivors and the elderly. The concerts are performed by chamber music ensembles from the Davi Goldman program of the Jerusalem Music Centre. Moderator: Oded Shomroni<\/p>\n\t\t\t\t\t\t\t\t<\/div>\n\t\t\t\t<\/div>\n\t\t\t\t<div class=\"elementor-element elementor-element-fefc2d4 elementor-widget elementor-widget-video\" data-id=\"fefc2d4\" data-element_type=\"widget\" data-e-type=\"widget\" data-settings=\"{&quot;youtube_url&quot;:&quot;https:\\\/\\\/youtu.be\\\/H99mhS6UZaU&quot;,&quot;video_type&quot;:&quot;youtube&quot;,&quot;controls&quot;:&quot;yes&quot;}\" data-widget_type=\"video.default\">\n\t\t\t\t<div class=\"elementor-widget-container\">\n\t\t\t\t\t\t\t<div class=\"elementor-wrapper elementor-open-inline\">\n\t\t\t<div class=\"elementor-video\"><\/div>\t\t<\/div>\n\t\t\t\t\t\t<\/div>\n\t\t\t\t<\/div>\n\t\t\t\t<div class=\"elementor-element elementor-element-f8652e6 elementor-widget elementor-widget-text-editor\" data-id=\"f8652e6\" data-element_type=\"widget\" data-e-type=\"widget\" data-widget_type=\"text-editor.default\">\n\t\t\t\t<div class=\"elementor-widget-container\">\n\t\t\t\t\t\t\t\t\t<p>Anton\u00edn Dvo\u0159\u00e1k: String Quartet No.12 in F Major, Op.96<\/p>\n<p>Bohuslav Martin\u016f:Trio for Flute, Cello and Piano<\/p>\n<p>Dmitri Shostakovich: from Piano Trio No.2, Op.67<\/p>\n\t\t\t\t\t\t\t\t<\/div>\n\t\t\t\t<\/div>\n\t\t\t\t<div class=\"elementor-element elementor-element-e026382 elementor-widget elementor-widget-video\" data-id=\"e026382\" data-element_type=\"widget\" data-e-type=\"widget\" data-settings=\"{&quot;youtube_url&quot;:&quot;https:\\\/\\\/youtu.be\\\/_9TLR3aqjmY&quot;,&quot;video_type&quot;:&quot;youtube&quot;,&quot;controls&quot;:&quot;yes&quot;}\" data-widget_type=\"video.default\">\n\t\t\t\t<div class=\"elementor-widget-container\">\n\t\t\t\t\t\t\t<div class=\"elementor-wrapper elementor-open-inline\">\n\t\t\t<div class=\"elementor-video\"><\/div>\t\t<\/div>\n\t\t\t\t\t\t<\/div>\n\t\t\t\t<\/div>\n\t\t\t\t<div class=\"elementor-element elementor-element-f5f70c7 elementor-widget elementor-widget-text-editor\" data-id=\"f5f70c7\" data-element_type=\"widget\" data-e-type=\"widget\" data-widget_type=\"text-editor.default\">\n\t\t\t\t<div class=\"elementor-widget-container\">\n\t\t\t\t\t\t\t\t\t<p>Glinka: from Trio Pathetique in D minor <\/p>\n<p>Mendelssohn: from String Quartet No.1 in E Flat Major<\/p>\n<p>Schubert: from String Quintet in C Major, D.956<\/p>\n\t\t\t\t\t\t\t\t<\/div>\n\t\t\t\t<\/div>\n\t\t\t\t\t<\/div>\n\t\t<\/div>\n\t\t\t\t<div class=\"elementor-column elementor-col-50 elementor-inner-column elementor-element elementor-element-d81ff41\" data-id=\"d81ff41\" data-element_type=\"column\" data-e-type=\"column\">\n\t\t\t<div class=\"elementor-widget-wrap elementor-element-populated\">\n\t\t\t\t\t\t<div class=\"elementor-element elementor-element-6a43b90 elementor-widget elementor-widget-image\" data-id=\"6a43b90\" data-element_type=\"widget\" data-e-type=\"widget\" data-widget_type=\"image.default\">\n\t\t\t\t<div class=\"elementor-widget-container\">\n\t\t\t\t\t\t\t\t\t\t\t\t\t\t\t<img fetchpriority=\"high\" decoding=\"async\" width=\"600\" height=\"400\" src=\"https:\/\/www.jmc.org.il\/wp-content\/uploads\/2021\/12\/elderly2.jpg\" class=\"attachment-large size-large wp-image-8748\" alt=\"\" srcset=\"https:\/\/www.jmc.org.il\/wp-content\/uploads\/2021\/12\/elderly2.jpg 600w, https:\/\/www.jmc.org.il\/wp-content\/uploads\/2021\/12\/elderly2-300x200.jpg 300w\" sizes=\"(max-width: 600px) 100vw, 600px\" \/>\t\t\t\t\t\t\t\t\t\t\t\t\t\t\t<\/div>\n\t\t\t\t<\/div>\n\t\t\t\t<div class=\"elementor-element elementor-element-8c403e4 elementor-widget__width-auto elementor-share-buttons--view-icon-text elementor-share-buttons--skin-gradient elementor-share-buttons--shape-square elementor-grid-0 elementor-share-buttons--color-official elementor-widget elementor-widget-share-buttons\" data-id=\"8c403e4\" data-element_type=\"widget\" data-e-type=\"widget\" data-widget_type=\"share-buttons.default\">\n\t\t\t\t<div class=\"elementor-widget-container\">\n\t\t\t\t\t\t\t<div class=\"elementor-grid\">\n\t\t\t\t\t\t\t\t<div class=\"elementor-grid-item\">\n\t\t\t\t\t\t<div class=\"elementor-share-btn elementor-share-btn_facebook\">\n\t\t\t\t\t\t\t\t\t\t\t\t\t\t\t<span class=\"elementor-share-btn__icon\">\n\t\t\t\t\t\t\t\t<i class=\"fab fa-facebook\" aria-hidden=\"true\"><\/i>\t\t\t\t\t\t\t\t<span\n\t\t\t\t\t\t\t\t\tclass=\"elementor-screen-only\">Share on facebook<\/span>\n\t\t\t\t\t\t\t<\/span>\n\t\t\t\t\t\t\t\t\t\t\t\t\t\t\t\t\t\t\t\t<\/div>\n\t\t\t\t\t<\/div>\n\t\t\t\t\t\t\t\t\t<div class=\"elementor-grid-item\">\n\t\t\t\t\t\t<div class=\"elementor-share-btn elementor-share-btn_twitter\">\n\t\t\t\t\t\t\t\t\t\t\t\t\t\t\t<span class=\"elementor-share-btn__icon\">\n\t\t\t\t\t\t\t\t<i class=\"fab fa-twitter\" aria-hidden=\"true\"><\/i>\t\t\t\t\t\t\t\t<span\n\t\t\t\t\t\t\t\t\tclass=\"elementor-screen-only\">Share on twitter<\/span>\n\t\t\t\t\t\t\t<\/span>\n\t\t\t\t\t\t\t\t\t\t\t\t\t\t\t\t\t\t\t\t<\/div>\n\t\t\t\t\t<\/div>\n\t\t\t\t\t\t\t\t\t<div class=\"elementor-grid-item\">\n\t\t\t\t\t\t<div class=\"elementor-share-btn elementor-share-btn_whatsapp\">\n\t\t\t\t\t\t\t\t\t\t\t\t\t\t\t<span class=\"elementor-share-btn__icon\">\n\t\t\t\t\t\t\t\t<i class=\"fab fa-whatsapp\" aria-hidden=\"true\"><\/i>\t\t\t\t\t\t\t\t<span\n\t\t\t\t\t\t\t\t\tclass=\"elementor-screen-only\">Share on whatsapp<\/span>\n\t\t\t\t\t\t\t<\/span>\n\t\t\t\t\t\t\t\t\t\t\t\t\t\t\t\t\t\t\t\t<\/div>\n\t\t\t\t\t<\/div>\n\t\t\t\t\t\t\t\t\t<div class=\"elementor-grid-item\">\n\t\t\t\t\t\t<div class=\"elementor-share-btn elementor-share-btn_email\">\n\t\t\t\t\t\t\t\t\t\t\t\t\t\t\t<span class=\"elementor-share-btn__icon\">\n\t\t\t\t\t\t\t\t<i class=\"fas fa-envelope\" aria-hidden=\"true\"><\/i>\t\t\t\t\t\t\t\t<span\n\t\t\t\t\t\t\t\t\tclass=\"elementor-screen-only\">Share on email<\/span>\n\t\t\t\t\t\t\t<\/span>\n\t\t\t\t\t\t\t\t\t\t\t\t\t\t\t\t\t\t\t\t<\/div>\n\t\t\t\t\t<\/div>\n\t\t\t\t\t\t<\/div>\n\t\t\t\t\t\t<\/div>\n\t\t\t\t<\/div>\n\t\t\t\t\t<\/div>\n\t\t<\/div>\n\t\t\t\t\t<\/div>\n\t\t<\/section>\n\t\t\t\t\t<\/div>\n\t\t<\/div>\n\t\t\t\t\t<\/div>\n\t\t<\/section>\n\t\t\t\t<\/div>\n\t\t","protected":false},"excerpt":{"rendered":"<p>Young Musicians for Holocaust survivors and the elderly Online talk-concerts especially programed for Holocaust survivors and the elderly. The concerts are performed by chamber music ensembles from the Davi Goldman program of the Jerusalem Music Centre. Moderator: Oded Shomroni https:\/\/youtu.be\/H99mhS6UZaU Anton\u00edn Dvo\u0159\u00e1k: String Quartet No.12 in F Major, Op.96 Bohuslav Martin\u016f:Trio for Flute, Cello and [&hellip;]<\/p>\n","protected":false},"author":1,"featured_media":0,"parent":0,"menu_order":0,"comment_status":"closed","ping_status":"closed","template":"","meta":{"footnotes":""},"class_list":["post-11949","page","type-page","status-publish","hentry"],"yoast_head":"<!-- This site is optimized with the Yoast SEO Premium plugin v17.8 (Yoast SEO v17.8) - https:\/\/yoast.com\/wordpress\/plugins\/seo\/ -->\n<title>Concerts_For_The_Elderly - Jerusalem Music Centre<\/title>\n<meta name=\"robots\" content=\"index, follow, max-snippet:-1, max-image-preview:large, max-video-preview:-1\" \/>\n<link rel=\"canonical\" href=\"https:\/\/www.jmc.org.il\/en\/concerts_for_the_elderly\/\" \/>\n<meta property=\"og:locale\" content=\"en_US\" \/>\n<meta property=\"og:type\" content=\"article\" \/>\n<meta property=\"og:title\" content=\"Concerts_For_The_Elderly\" \/>\n<meta property=\"og:description\" content=\"Young Musicians for Holocaust survivors and the elderly Online talk-concerts especially programed for Holocaust survivors and the elderly. The concerts are performed by chamber music ensembles from the Davi Goldman program of the Jerusalem Music Centre. Moderator: Oded Shomroni https:\/\/youtu.be\/H99mhS6UZaU Anton\u00edn Dvo\u0159\u00e1k: String Quartet No.12 in F Major, Op.96 Bohuslav Martin\u016f:Trio for Flute, Cello and [&hellip;]\" \/>\n<meta property=\"og:url\" content=\"https:\/\/www.jmc.org.il\/en\/concerts_for_the_elderly\/\" \/>\n<meta property=\"og:site_name\" content=\"Jerusalem Music Centre\" \/>\n<meta property=\"article:publisher\" content=\"https:\/\/www.facebook.com\/jerusalem.music.centre\" \/>\n<meta property=\"article:modified_time\" content=\"2022-01-17T17:19:37+00:00\" \/>\n<meta property=\"og:image\" content=\"https:\/\/www.jmc.org.il\/wp-content\/uploads\/2021\/12\/elderly2.jpg\" \/>\n<meta name=\"twitter:card\" content=\"summary_large_image\" \/>\n<meta name=\"twitter:label1\" content=\"Est. reading time\" \/>\n\t<meta name=\"twitter:data1\" content=\"1 minute\" \/>\n<script type=\"application\/ld+json\" class=\"yoast-schema-graph\">{\"@context\":\"https:\/\/schema.org\",\"@graph\":[{\"@type\":\"WebSite\",\"@id\":\"https:\/\/www.jmc.org.il\/en\/#website\",\"url\":\"https:\/\/www.jmc.org.il\/en\/\",\"name\":\"Jerusalem Music Centre\",\"description\":\"Jerusalem Music Centre\",\"potentialAction\":[{\"@type\":\"SearchAction\",\"target\":{\"@type\":\"EntryPoint\",\"urlTemplate\":\"https:\/\/www.jmc.org.il\/en\/?s={search_term_string}\"},\"query-input\":\"required name=search_term_string\"}],\"inLanguage\":\"en-US\"},{\"@type\":\"ImageObject\",\"@id\":\"https:\/\/www.jmc.org.il\/en\/concerts_for_the_elderly\/#primaryimage\",\"inLanguage\":\"en-US\",\"url\":\"https:\/\/www.jmc.org.il\/wp-content\/uploads\/2021\/12\/elderly2.jpg\",\"contentUrl\":\"https:\/\/www.jmc.org.il\/wp-content\/uploads\/2021\/12\/elderly2.jpg\",\"width\":600,\"height\":400},{\"@type\":\"WebPage\",\"@id\":\"https:\/\/www.jmc.org.il\/en\/concerts_for_the_elderly\/#webpage\",\"url\":\"https:\/\/www.jmc.org.il\/en\/concerts_for_the_elderly\/\",\"name\":\"Concerts_For_The_Elderly - Jerusalem Music Centre\",\"isPartOf\":{\"@id\":\"https:\/\/www.jmc.org.il\/en\/#website\"},\"primaryImageOfPage\":{\"@id\":\"https:\/\/www.jmc.org.il\/en\/concerts_for_the_elderly\/#primaryimage\"},\"datePublished\":\"2022-01-17T17:19:34+00:00\",\"dateModified\":\"2022-01-17T17:19:37+00:00\",\"breadcrumb\":{\"@id\":\"https:\/\/www.jmc.org.il\/en\/concerts_for_the_elderly\/#breadcrumb\"},\"inLanguage\":\"en-US\",\"potentialAction\":[{\"@type\":\"ReadAction\",\"target\":[\"https:\/\/www.jmc.org.il\/en\/concerts_for_the_elderly\/\"]}]},{\"@type\":\"BreadcrumbList\",\"@id\":\"https:\/\/www.jmc.org.il\/en\/concerts_for_the_elderly\/#breadcrumb\",\"itemListElement\":[{\"@type\":\"ListItem\",\"position\":1,\"name\":\"\\u05d3\\u05e3 \\u05d4\\u05d1\\u05d9\\u05ea\",\"item\":\"https:\/\/www.jmc.org.il\/en\/\"},{\"@type\":\"ListItem\",\"position\":2,\"name\":\"Concerts_For_The_Elderly\"}]}]}<\/script>\n<!-- \/ Yoast SEO Premium plugin. -->","yoast_head_json":{"title":"Concerts_For_The_Elderly - Jerusalem Music Centre","robots":{"index":"index","follow":"follow","max-snippet":"max-snippet:-1","max-image-preview":"max-image-preview:large","max-video-preview":"max-video-preview:-1"},"canonical":"https:\/\/www.jmc.org.il\/en\/concerts_for_the_elderly\/","og_locale":"en_US","og_type":"article","og_title":"Concerts_For_The_Elderly","og_description":"Young Musicians for Holocaust survivors and the elderly Online talk-concerts especially programed for Holocaust survivors and the elderly. The concerts are performed by chamber music ensembles from the Davi Goldman program of the Jerusalem Music Centre. Moderator: Oded Shomroni https:\/\/youtu.be\/H99mhS6UZaU Anton\u00edn Dvo\u0159\u00e1k: String Quartet No.12 in F Major, Op.96 Bohuslav Martin\u016f:Trio for Flute, Cello and [&hellip;]","og_url":"https:\/\/www.jmc.org.il\/en\/concerts_for_the_elderly\/","og_site_name":"Jerusalem Music Centre","article_publisher":"https:\/\/www.facebook.com\/jerusalem.music.centre","article_modified_time":"2022-01-17T17:19:37+00:00","og_image":[{"url":"https:\/\/www.jmc.org.il\/wp-content\/uploads\/2021\/12\/elderly2.jpg"}],"twitter_card":"summary_large_image","twitter_misc":{"Est. reading time":"1 minute"},"schema":{"@context":"https:\/\/schema.org","@graph":[{"@type":"WebSite","@id":"https:\/\/www.jmc.org.il\/en\/#website","url":"https:\/\/www.jmc.org.il\/en\/","name":"Jerusalem Music Centre","description":"Jerusalem Music Centre","potentialAction":[{"@type":"SearchAction","target":{"@type":"EntryPoint","urlTemplate":"https:\/\/www.jmc.org.il\/en\/?s={search_term_string}"},"query-input":"required name=search_term_string"}],"inLanguage":"en-US"},{"@type":"ImageObject","@id":"https:\/\/www.jmc.org.il\/en\/concerts_for_the_elderly\/#primaryimage","inLanguage":"en-US","url":"https:\/\/www.jmc.org.il\/wp-content\/uploads\/2021\/12\/elderly2.jpg","contentUrl":"https:\/\/www.jmc.org.il\/wp-content\/uploads\/2021\/12\/elderly2.jpg","width":600,"height":400},{"@type":"WebPage","@id":"https:\/\/www.jmc.org.il\/en\/concerts_for_the_elderly\/#webpage","url":"https:\/\/www.jmc.org.il\/en\/concerts_for_the_elderly\/","name":"Concerts_For_The_Elderly - Jerusalem Music Centre","isPartOf":{"@id":"https:\/\/www.jmc.org.il\/en\/#website"},"primaryImageOfPage":{"@id":"https:\/\/www.jmc.org.il\/en\/concerts_for_the_elderly\/#primaryimage"},"datePublished":"2022-01-17T17:19:34+00:00","dateModified":"2022-01-17T17:19:37+00:00","breadcrumb":{"@id":"https:\/\/www.jmc.org.il\/en\/concerts_for_the_elderly\/#breadcrumb"},"inLanguage":"en-US","potentialAction":[{"@type":"ReadAction","target":["https:\/\/www.jmc.org.il\/en\/concerts_for_the_elderly\/"]}]},{"@type":"BreadcrumbList","@id":"https:\/\/www.jmc.org.il\/en\/concerts_for_the_elderly\/#breadcrumb","itemListElement":[{"@type":"ListItem","position":1,"name":"\u05d3\u05e3 \u05d4\u05d1\u05d9\u05ea","item":"https:\/\/www.jmc.org.il\/en\/"},{"@type":"ListItem","position":2,"name":"Concerts_For_The_Elderly"}]}]}},"_links":{"self":[{"href":"https:\/\/www.jmc.org.il\/en\/wp-json\/wp\/v2\/pages\/11949","targetHints":{"allow":["GET"]}}],"collection":[{"href":"https:\/\/www.jmc.org.il\/en\/wp-json\/wp\/v2\/pages"}],"about":[{"href":"https:\/\/www.jmc.org.il\/en\/wp-json\/wp\/v2\/types\/page"}],"author":[{"embeddable":true,"href":"https:\/\/www.jmc.org.il\/en\/wp-json\/wp\/v2\/users\/1"}],"replies":[{"embeddable":true,"href":"https:\/\/www.jmc.org.il\/en\/wp-json\/wp\/v2\/comments?post=11949"}],"version-history":[{"count":2,"href":"https:\/\/www.jmc.org.il\/en\/wp-json\/wp\/v2\/pages\/11949\/revisions"}],"predecessor-version":[{"id":11951,"href":"https:\/\/www.jmc.org.il\/en\/wp-json\/wp\/v2\/pages\/11949\/revisions\/11951"}],"wp:attachment":[{"href":"https:\/\/www.jmc.org.il\/en\/wp-json\/wp\/v2\/media?parent=11949"}],"curies":[{"name":"wp","href":"https:\/\/api.w.org\/{rel}","templated":true}]}}